{"id":9745,"date":"2023-08-25T09:38:06","date_gmt":"2023-08-25T09:38:06","guid":{"rendered":"https:\/\/www.werktuigendagen.be\/?page_id=9745"},"modified":"2025-08-05T14:20:32","modified_gmt":"2025-08-05T14:20:32","slug":"bezoekers-tickets","status":"publish","type":"page","link":"https:\/\/www.werktuigendagen.be\/fr\/bezoekers-tickets\/","title":{"rendered":"Commander des billets"},"content":{"rendered":"<div data-elementor-type=\"wp-page\" data-elementor-id=\"9745\" class=\"elementor elementor-9745\" data-elementor-post-type=\"page\">\n\t\t\t\t\t\t<section class=\"elementor-section elementor-top-section elementor-element elementor-element-7a40075 elementor-section-boxed elementor-section-height-default elementor-section-height-default\" data-id=\"7a40075\" data-element_type=\"section\" data-e-type=\"section\">\n\t\t\t\t\t\t<div class=\"elementor-container elementor-column-gap-default\">\n\t\t\t\t\t<div class=\"elementor-column elementor-col-100 elementor-top-column elementor-element elementor-element-b9d7912\" data-id=\"b9d7912\" data-element_type=\"column\" data-e-type=\"column\">\n\t\t\t<div class=\"elementor-widget-wrap elementor-element-populated\">\n\t\t\t\t\t\t<div class=\"elementor-element elementor-element-23164bc elementor-widget elementor-widget-heading\" data-id=\"23164bc\" data-element_type=\"widget\" data-e-type=\"widget\" data-widget_type=\"heading.default\">\n\t\t\t\t<div class=\"elementor-widget-container\">\n\t\t\t\t\t<h2 class=\"elementor-heading-title elementor-size-default\">Commander des billets<\/h2>\t\t\t\t<\/div>\n\t\t\t\t<\/div>\n\t\t\t\t\t<\/div>\n\t\t<\/div>\n\t\t\t\t\t<\/div>\n\t\t<\/section>\n\t\t\t\t<section class=\"elementor-section elementor-top-section elementor-element elementor-element-7a9a0ee elementor-section-boxed elementor-section-height-default elementor-section-height-default\" data-id=\"7a9a0ee\" data-element_type=\"section\" data-e-type=\"section\">\n\t\t\t\t\t\t<div class=\"elementor-container elementor-column-gap-default\">\n\t\t\t\t\t<div class=\"elementor-column elementor-col-50 elementor-top-column elementor-element elementor-element-6dcff69\" data-id=\"6dcff69\" data-element_type=\"column\" data-e-type=\"column\">\n\t\t\t<div class=\"elementor-widget-wrap elementor-element-populated\">\n\t\t\t\t\t\t<div class=\"elementor-element elementor-element-d2715b8 elementor-widget elementor-widget-heading\" data-id=\"d2715b8\" data-element_type=\"widget\" data-e-type=\"widget\" data-widget_type=\"heading.default\">\n\t\t\t\t<div class=\"elementor-widget-container\">\n\t\t\t\t\t<h3 class=\"elementor-heading-title elementor-size-default\">Les prix d'entr\u00e9e<\/h3>\t\t\t\t<\/div>\n\t\t\t\t<\/div>\n\t\t\t\t<div class=\"elementor-element elementor-element-0b8d5f6 elementor-icon-list--layout-traditional elementor-list-item-link-full_width elementor-widget elementor-widget-icon-list\" data-id=\"0b8d5f6\" data-element_type=\"widget\" data-e-type=\"widget\" data-widget_type=\"icon-list.default\">\n\t\t\t\t<div class=\"elementor-widget-container\">\n\t\t\t\t\t\t\t<ul class=\"elementor-icon-list-items\">\n\t\t\t\t\t\t\t<li class=\"elementor-icon-list-item\">\n\t\t\t\t\t\t\t\t\t\t\t<span class=\"elementor-icon-list-icon\">\n\t\t\t\t\t\t\t<i aria-hidden=\"true\" class=\"fas fa-circle\"><\/i>\t\t\t\t\t\t<\/span>\n\t\t\t\t\t\t\t\t\t\t<span class=\"elementor-icon-list-text\">Adultes : 18 \u20ac<\/span>\n\t\t\t\t\t\t\t\t\t<\/li>\n\t\t\t\t\t\t\t\t<li class=\"elementor-icon-list-item\">\n\t\t\t\t\t\t\t\t\t\t\t<span class=\"elementor-icon-list-icon\">\n\t\t\t\t\t\t\t<i aria-hidden=\"true\" class=\"fas fa-circle\"><\/i>\t\t\t\t\t\t<\/span>\n\t\t\t\t\t\t\t\t\t\t<span class=\"elementor-icon-list-text\">Avec carte de r\u00e9duction : 9 \u20ac<\/span>\n\t\t\t\t\t\t\t\t\t<\/li>\n\t\t\t\t\t\t\t\t<li class=\"elementor-icon-list-item\">\n\t\t\t\t\t\t\t\t\t\t\t<span class=\"elementor-icon-list-icon\">\n\t\t\t\t\t\t\t<i aria-hidden=\"true\" class=\"fas fa-circle\"><\/i>\t\t\t\t\t\t<\/span>\n\t\t\t\t\t\t\t\t\t\t<span class=\"elementor-icon-list-text\">Tarif sp\u00e9cial pour les clients KBC : 9 \u20ac (uniquement en pr\u00e9vente via ce site)<\/span>\n\t\t\t\t\t\t\t\t\t<\/li>\n\t\t\t\t\t\t\t\t<li class=\"elementor-icon-list-item\">\n\t\t\t\t\t\t\t\t\t\t\t<span class=\"elementor-icon-list-icon\">\n\t\t\t\t\t\t\t<i aria-hidden=\"true\" class=\"fas fa-circle\"><\/i>\t\t\t\t\t\t<\/span>\n\t\t\t\t\t\t\t\t\t\t<span class=\"elementor-icon-list-text\">Enfants (-12 ans) : gratuit<\/span>\n\t\t\t\t\t\t\t\t\t<\/li>\n\t\t\t\t\t\t<\/ul>\n\t\t\t\t\t\t<\/div>\n\t\t\t\t<\/div>\n\t\t\t\t<div class=\"elementor-element elementor-element-12f6819 elementor-widget elementor-widget-text-editor\" data-id=\"12f6819\" data-element_type=\"widget\" data-e-type=\"widget\" data-widget_type=\"text-editor.default\">\n\t\t\t\t<div class=\"elementor-widget-container\">\n\t\t\t\t\t\t\t\t\t<p>Vous pouvez commander des billets pour les Werktuigendagen 2025 en cliquant sur le bouton ci-dessous. Chaque billet donne droit \u00e0 une entr\u00e9e au parc des expositions, le jour de votre choix. Des cartes de r\u00e9duction sont \u00e9galement disponibles (une carte maximum par billet). Lors de votre commande, saisissez le code de r\u00e9duction figurant sous le code-barres de la carte.<\/p>\t\t\t\t\t\t\t\t<\/div>\n\t\t\t\t<\/div>\n\t\t\t\t<div class=\"elementor-element elementor-element-cfdcd7a elementor-widget elementor-widget-button\" data-id=\"cfdcd7a\" data-element_type=\"widget\" data-e-type=\"widget\" data-widget_type=\"button.default\">\n\t\t\t\t<div class=\"elementor-widget-container\">\n\t\t\t\t\t\t\t\t\t<div class=\"elementor-button-wrapper\">\n\t\t\t\t\t<a class=\"elementor-button elementor-button-link elementor-size-sm\" href=\"https:\/\/shop3.zetes.be\/stepfactory.aspx?AGNT=644\" target=\"_blank\">\n\t\t\t\t\t\t<span class=\"elementor-button-content-wrapper\">\n\t\t\t\t\t\t\t\t\t<span class=\"elementor-button-text\">Commander des billets<\/span>\n\t\t\t\t\t<\/span>\n\t\t\t\t\t<\/a>\n\t\t\t\t<\/div>\n\t\t\t\t\t\t\t\t<\/div>\n\t\t\t\t<\/div>\n\t\t\t\t\t<\/div>\n\t\t<\/div>\n\t\t\t\t<div class=\"elementor-column elementor-col-50 elementor-top-column elementor-element elementor-element-6e70a96\" data-id=\"6e70a96\" data-element_type=\"column\" data-e-type=\"column\">\n\t\t\t<div class=\"elementor-widget-wrap elementor-element-populated\">\n\t\t\t\t\t\t<div class=\"elementor-element elementor-element-f249aea elementor-widget elementor-widget-heading\" data-id=\"f249aea\" data-element_type=\"widget\" data-e-type=\"widget\" data-widget_type=\"heading.default\">\n\t\t\t\t<div class=\"elementor-widget-container\">\n\t\t\t\t\t<h3 class=\"elementor-heading-title elementor-size-default\">Notre sponsor principal KBC vous offre la moiti\u00e9 !<\/h3>\t\t\t\t<\/div>\n\t\t\t\t<\/div>\n\t\t\t\t<div class=\"elementor-element elementor-element-02a9d53 elementor-widget elementor-widget-image\" data-id=\"02a9d53\" data-element_type=\"widget\" data-e-type=\"widget\" data-widget_type=\"image.default\">\n\t\t\t\t<div class=\"elementor-widget-container\">\n\t\t\t\t\t\t\t\t\t\t\t\t\t\t\t<img decoding=\"async\" src=\"https:\/\/www.werktuigendagen.be\/wp-content\/uploads\/2023\/08\/KBC.svg\" title=\"KBC.svg\" alt=\"KBC.svg\" loading=\"lazy\" \/>\t\t\t\t\t\t\t\t\t\t\t\t\t\t\t<\/div>\n\t\t\t\t<\/div>\n\t\t\t\t<div class=\"elementor-element elementor-element-20cc9fa elementor-widget elementor-widget-text-editor\" data-id=\"20cc9fa\" data-element_type=\"widget\" data-e-type=\"widget\" data-widget_type=\"text-editor.default\">\n\t\t\t\t<div class=\"elementor-widget-container\">\n\t\t\t\t\t\t\t\t\t<p>KBC est une fois de plus fier sponsor principal des Werktuigendagen (Journ\u00e9es des \u00e9quipements de travail) ! Les clients KBC peuvent donc acheter un billet d&#039;entr\u00e9e \u00e0 9 \u20ac au lieu de 18 \u20ac en cliquant sur le bouton ci-dessous !\u00a0<br \/>Attention\u00a0: le paiement doit \u00eatre effectu\u00e9 via un compte KBC et un maximum de 5 billets par client peut \u00eatre command\u00e9. Cette offre est valable jusqu&#039;\u00e0 \u00e9puisement des stocks. 15\u00a0000 billets sont disponibles.<\/p>\t\t\t\t\t\t\t\t<\/div>\n\t\t\t\t<\/div>\n\t\t\t\t<div class=\"elementor-element elementor-element-bc75a13 elementor-widget elementor-widget-button\" data-id=\"bc75a13\" data-element_type=\"widget\" data-e-type=\"widget\" data-widget_type=\"button.default\">\n\t\t\t\t<div class=\"elementor-widget-container\">\n\t\t\t\t\t\t\t\t\t<div class=\"elementor-button-wrapper\">\n\t\t\t\t\t<a class=\"elementor-button elementor-button-link elementor-size-sm\" href=\"https:\/\/shop3.zetes.be\/stepfactory.aspx?AGNT=645&#038;CODE=KBC939760071\" target=\"_blank\">\n\t\t\t\t\t\t<span class=\"elementor-button-content-wrapper\">\n\t\t\t\t\t\t\t\t\t<span class=\"elementor-button-text\">Commandez un billet \u00e0 r\u00e9duction KBC<\/span>\n\t\t\t\t\t<\/span>\n\t\t\t\t\t<\/a>\n\t\t\t\t<\/div>\n\t\t\t\t\t\t\t\t<\/div>\n\t\t\t\t<\/div>\n\t\t\t\t\t<\/div>\n\t\t<\/div>\n\t\t\t\t\t<\/div>\n\t\t<\/section>\n\t\t\t\t<section class=\"elementor-section elementor-top-section elementor-element elementor-element-442794d elementor-section-boxed elementor-section-height-default elementor-section-height-default\" data-id=\"442794d\" data-element_type=\"section\" data-e-type=\"section\">\n\t\t\t\t\t\t<div class=\"elementor-container elementor-column-gap-default\">\n\t\t\t\t\t<div class=\"elementor-column elementor-col-50 elementor-top-column elementor-element elementor-element-91946d8\" data-id=\"91946d8\" data-element_type=\"column\" data-e-type=\"column\">\n\t\t\t<div class=\"elementor-widget-wrap elementor-element-populated\">\n\t\t\t\t\t\t<div class=\"elementor-element elementor-element-6ec8217 elementor-widget elementor-widget-image\" data-id=\"6ec8217\" data-element_type=\"widget\" data-e-type=\"widget\" data-widget_type=\"image.default\">\n\t\t\t\t<div class=\"elementor-widget-container\">\n\t\t\t\t\t\t\t\t\t\t\t\t\t\t\t<img decoding=\"async\" src=\"https:\/\/www.werktuigendagen.be\/wp-content\/uploads\/elementor\/thumbs\/LUCHTBEELDEN-1124-scaled-q924vjd98znmejed62csxh6bfqa7p3nes8erwr87nw.jpg\" title=\"IMAGES A\u00c9RIENNES-1124\" alt=\"LUCHTBEELDEN-1124\" loading=\"lazy\" \/>\t\t\t\t\t\t\t\t\t\t\t\t\t\t\t<\/div>\n\t\t\t\t<\/div>\n\t\t\t\t\t<\/div>\n\t\t<\/div>\n\t\t\t\t<div class=\"elementor-column elementor-col-50 elementor-top-column elementor-element elementor-element-63311f3\" data-id=\"63311f3\" data-element_type=\"column\" data-e-type=\"column\">\n\t\t\t<div class=\"elementor-widget-wrap elementor-element-populated\">\n\t\t\t\t\t\t<div class=\"elementor-element elementor-element-b3f7af7 elementor-widget elementor-widget-image\" data-id=\"b3f7af7\" data-element_type=\"widget\" data-e-type=\"widget\" data-widget_type=\"image.default\">\n\t\t\t\t<div class=\"elementor-widget-container\">\n\t\t\t\t\t\t\t\t\t\t\t\t\t\t\t<img decoding=\"async\" src=\"https:\/\/www.werktuigendagen.be\/wp-content\/uploads\/elementor\/thumbs\/Stand-KBC-qbfe0wo9w39umbfaupbi8vax0e8svgsebu6pnbjdu4.jpg\" title=\"Stand KBC\" alt=\"Stand KBC\" loading=\"lazy\" \/>\t\t\t\t\t\t\t\t\t\t\t\t\t\t\t<\/div>\n\t\t\t\t<\/div>\n\t\t\t\t\t<\/div>\n\t\t<\/div>\n\t\t\t\t\t<\/div>\n\t\t<\/section>\n\t\t\t\t<\/div>","protected":false},"excerpt":{"rendered":"<p>Commander des billets Prix d&#039;entr\u00e9e Adultes : 18 \u20ac Avec une carte de r\u00e9duction : 9 \u20ac Tarif r\u00e9duit pour les clients KBC : 9 \u20ac (achat \u00e0 l&#039;avance uniquement via ce site web) Enfants (moins de 12 ans) : gratuit Vous pouvez commander des billets pour les Werktuigendagen 2025 en cliquant sur le bouton ci-dessous. Chaque billet donne droit \u00e0 une entr\u00e9e au parc des expositions le jour de votre choix. Les cartes de r\u00e9duction peuvent \u00e9galement \u00eatre achet\u00e9es dans... <a href=\"https:\/\/www.werktuigendagen.be\/fr\/bezoekers-tickets\/\" class=\"more-link\">continuer la lecture<span class=\"screen-reader-text\"> \u00ab\u00a0Commander des billets\u00a0\u00bb<\/span><\/a><\/p>","protected":false},"author":1,"featured_media":0,"parent":0,"menu_order":0,"comment_status":"closed","ping_status":"closed","template":"elementor_header_footer","meta":{"_acf_changed":false,"inline_featured_image":false,"footnotes":""},"class_list":["post-9745","page","type-page","status-publish","hentry"],"acf":[],"yoast_head":"<!-- This site is optimized with the Yoast SEO plugin v27.1.1 - https:\/\/yoast.com\/product\/yoast-seo-wordpress\/ -->\n<title>Tickets bestellen - Werktuigendagen<\/title>\n<meta name=\"robots\" content=\"index, follow, max-snippet:-1, max-image-preview:large, max-video-preview:-1\" \/>\n<link rel=\"canonical\" href=\"http:\/\/www.werktuigendagen.be\/fr\/bezoekers-tickets\/\" \/>\n<meta property=\"og:locale\" content=\"fr_FR\" \/>\n<meta property=\"og:type\" content=\"article\" \/>\n<meta property=\"og:title\" content=\"Tickets bestellen - Werktuigendagen\" \/>\n<meta property=\"og:description\" content=\"Tickets bestellen Toegangsprijs Volwassenen: \u20ac 18 Met verminderingskaart: \u20ac 9 Voordeeltarief KBC-klanten: \u20ac 9 (enkel in voorverkoop via deze website) Kinderen (-12j): gratis Via onderstaande knop kan u tickets bestellen voor de Werktuigendagen 2025. Ieder ticket geeft 1 keer toegang tot het beursterrein op 1 beursdag naar keuze. Het is ook mogelijk om verminderingskaarten in &hellip; Continue reading &quot;Tickets bestellen&quot;\" \/>\n<meta property=\"og:url\" content=\"http:\/\/www.werktuigendagen.be\/fr\/bezoekers-tickets\/\" \/>\n<meta property=\"og:site_name\" content=\"Werktuigendagen\" \/>\n<meta property=\"article:modified_time\" content=\"2025-08-05T14:20:32+00:00\" \/>\n<meta property=\"og:image\" content=\"https:\/\/www.werktuigendagen.be\/wp-content\/uploads\/2023\/08\/KBC.svg\" \/>\n<meta name=\"twitter:card\" content=\"summary_large_image\" \/>\n<meta name=\"twitter:label1\" content=\"Dur\u00e9e de lecture est.\" \/>\n\t<meta name=\"twitter:data1\" content=\"2 minutes\" \/>\n<script type=\"application\/ld+json\" class=\"yoast-schema-graph\">{\"@context\":\"https:\/\/schema.org\",\"@graph\":[{\"@type\":\"WebPage\",\"@id\":\"http:\/\/www.werktuigendagen.be\/nl\/bezoekers-tickets\/\",\"url\":\"http:\/\/www.werktuigendagen.be\/nl\/bezoekers-tickets\/\",\"name\":\"Tickets bestellen - Werktuigendagen\",\"isPartOf\":{\"@id\":\"https:\/\/www.werktuigendagen.be\/nl\/#website\"},\"primaryImageOfPage\":{\"@id\":\"http:\/\/www.werktuigendagen.be\/nl\/bezoekers-tickets\/#primaryimage\"},\"image\":{\"@id\":\"http:\/\/www.werktuigendagen.be\/nl\/bezoekers-tickets\/#primaryimage\"},\"thumbnailUrl\":\"https:\/\/www.werktuigendagen.be\/wp-content\/uploads\/2023\/08\/KBC.svg\",\"datePublished\":\"2023-08-25T09:38:06+00:00\",\"dateModified\":\"2025-08-05T14:20:32+00:00\",\"breadcrumb\":{\"@id\":\"http:\/\/www.werktuigendagen.be\/nl\/bezoekers-tickets\/#breadcrumb\"},\"inLanguage\":\"fr-BE\",\"potentialAction\":[{\"@type\":\"ReadAction\",\"target\":[\"http:\/\/www.werktuigendagen.be\/nl\/bezoekers-tickets\/\"]}]},{\"@type\":\"ImageObject\",\"inLanguage\":\"fr-BE\",\"@id\":\"http:\/\/www.werktuigendagen.be\/nl\/bezoekers-tickets\/#primaryimage\",\"url\":\"https:\/\/www.werktuigendagen.be\/wp-content\/uploads\/2023\/08\/KBC.svg\",\"contentUrl\":\"https:\/\/www.werktuigendagen.be\/wp-content\/uploads\/2023\/08\/KBC.svg\"},{\"@type\":\"BreadcrumbList\",\"@id\":\"http:\/\/www.werktuigendagen.be\/nl\/bezoekers-tickets\/#breadcrumb\",\"itemListElement\":[{\"@type\":\"ListItem\",\"position\":1,\"name\":\"Home\",\"item\":\"https:\/\/www.werktuigendagen.be\/nl\/\"},{\"@type\":\"ListItem\",\"position\":2,\"name\":\"Tickets bestellen\"}]},{\"@type\":\"WebSite\",\"@id\":\"https:\/\/www.werktuigendagen.be\/nl\/#website\",\"url\":\"https:\/\/www.werktuigendagen.be\/nl\/\",\"name\":\"Werktuigendagen\",\"description\":\"Vakbeurs voor landbouwmechanisatie\",\"potentialAction\":[{\"@type\":\"SearchAction\",\"target\":{\"@type\":\"EntryPoint\",\"urlTemplate\":\"https:\/\/www.werktuigendagen.be\/nl\/?s={search_term_string}\"},\"query-input\":{\"@type\":\"PropertyValueSpecification\",\"valueRequired\":true,\"valueName\":\"search_term_string\"}}],\"inLanguage\":\"fr-BE\"}]}<\/script>\n<!-- \/ Yoast SEO plugin. -->","yoast_head_json":{"title":"Tickets bestellen - Werktuigendagen","robots":{"index":"index","follow":"follow","max-snippet":"max-snippet:-1","max-image-preview":"max-image-preview:large","max-video-preview":"max-video-preview:-1"},"canonical":"http:\/\/www.werktuigendagen.be\/fr\/bezoekers-tickets\/","og_locale":"fr_FR","og_type":"article","og_title":"Tickets bestellen - Werktuigendagen","og_description":"Tickets bestellen Toegangsprijs Volwassenen: \u20ac 18 Met verminderingskaart: \u20ac 9 Voordeeltarief KBC-klanten: \u20ac 9 (enkel in voorverkoop via deze website) Kinderen (-12j): gratis Via onderstaande knop kan u tickets bestellen voor de Werktuigendagen 2025. Ieder ticket geeft 1 keer toegang tot het beursterrein op 1 beursdag naar keuze. Het is ook mogelijk om verminderingskaarten in &hellip; Continue reading \"Tickets bestellen\"","og_url":"http:\/\/www.werktuigendagen.be\/fr\/bezoekers-tickets\/","og_site_name":"Werktuigendagen","article_modified_time":"2025-08-05T14:20:32+00:00","og_image":[{"url":"https:\/\/www.werktuigendagen.be\/wp-content\/uploads\/2023\/08\/KBC.svg","type":"","width":"","height":""}],"twitter_card":"summary_large_image","twitter_misc":{"Dur\u00e9e de lecture est.":"2 minutes"},"schema":{"@context":"https:\/\/schema.org","@graph":[{"@type":"WebPage","@id":"http:\/\/www.werktuigendagen.be\/nl\/bezoekers-tickets\/","url":"http:\/\/www.werktuigendagen.be\/nl\/bezoekers-tickets\/","name":"Tickets bestellen - Werktuigendagen","isPartOf":{"@id":"https:\/\/www.werktuigendagen.be\/nl\/#website"},"primaryImageOfPage":{"@id":"http:\/\/www.werktuigendagen.be\/nl\/bezoekers-tickets\/#primaryimage"},"image":{"@id":"http:\/\/www.werktuigendagen.be\/nl\/bezoekers-tickets\/#primaryimage"},"thumbnailUrl":"https:\/\/www.werktuigendagen.be\/wp-content\/uploads\/2023\/08\/KBC.svg","datePublished":"2023-08-25T09:38:06+00:00","dateModified":"2025-08-05T14:20:32+00:00","breadcrumb":{"@id":"http:\/\/www.werktuigendagen.be\/nl\/bezoekers-tickets\/#breadcrumb"},"inLanguage":"fr-BE","potentialAction":[{"@type":"ReadAction","target":["http:\/\/www.werktuigendagen.be\/nl\/bezoekers-tickets\/"]}]},{"@type":"ImageObject","inLanguage":"fr-BE","@id":"http:\/\/www.werktuigendagen.be\/nl\/bezoekers-tickets\/#primaryimage","url":"https:\/\/www.werktuigendagen.be\/wp-content\/uploads\/2023\/08\/KBC.svg","contentUrl":"https:\/\/www.werktuigendagen.be\/wp-content\/uploads\/2023\/08\/KBC.svg"},{"@type":"BreadcrumbList","@id":"http:\/\/www.werktuigendagen.be\/nl\/bezoekers-tickets\/#breadcrumb","itemListElement":[{"@type":"ListItem","position":1,"name":"Home","item":"https:\/\/www.werktuigendagen.be\/nl\/"},{"@type":"ListItem","position":2,"name":"Tickets bestellen"}]},{"@type":"WebSite","@id":"https:\/\/www.werktuigendagen.be\/nl\/#website","url":"https:\/\/www.werktuigendagen.be\/nl\/","name":"Werktuigendagen","description":"Salon de la m\u00e9canisation agricole","potentialAction":[{"@type":"SearchAction","target":{"@type":"EntryPoint","urlTemplate":"https:\/\/www.werktuigendagen.be\/nl\/?s={search_term_string}"},"query-input":{"@type":"PropertyValueSpecification","valueRequired":true,"valueName":"search_term_string"}}],"inLanguage":"fr-BE"}]}},"_links":{"self":[{"href":"https:\/\/www.werktuigendagen.be\/fr\/wp-json\/wp\/v2\/pages\/9745","targetHints":{"allow":["GET"]}}],"collection":[{"href":"https:\/\/www.werktuigendagen.be\/fr\/wp-json\/wp\/v2\/pages"}],"about":[{"href":"https:\/\/www.werktuigendagen.be\/fr\/wp-json\/wp\/v2\/types\/page"}],"author":[{"embeddable":true,"href":"https:\/\/www.werktuigendagen.be\/fr\/wp-json\/wp\/v2\/users\/1"}],"replies":[{"embeddable":true,"href":"https:\/\/www.werktuigendagen.be\/fr\/wp-json\/wp\/v2\/comments?post=9745"}],"version-history":[{"count":3,"href":"https:\/\/www.werktuigendagen.be\/fr\/wp-json\/wp\/v2\/pages\/9745\/revisions"}],"predecessor-version":[{"id":10371,"href":"https:\/\/www.werktuigendagen.be\/fr\/wp-json\/wp\/v2\/pages\/9745\/revisions\/10371"}],"wp:attachment":[{"href":"https:\/\/www.werktuigendagen.be\/fr\/wp-json\/wp\/v2\/media?parent=9745"}],"curies":[{"name":"wp","href":"https:\/\/api.w.org\/{rel}","templated":true}]}}