{"id":8821,"date":"2022-10-06T16:55:21","date_gmt":"2022-10-06T16:55:21","guid":{"rendered":"https:\/\/www.werktuigendagen.be\/?page_id=8821"},"modified":"2025-08-04T14:16:35","modified_gmt":"2025-08-04T14:16:35","slug":"oldtimerhappening","status":"publish","type":"page","link":"https:\/\/www.werktuigendagen.be\/fr\/oldtimerhappening\/","title":{"rendered":"Exposition de tracteurs anc\u00eatres"},"content":{"rendered":"<div data-elementor-type=\"wp-page\" data-elementor-id=\"8821\" class=\"elementor elementor-8821\" data-elementor-post-type=\"page\">\n\t\t\t\t\t\t<section class=\"elementor-section elementor-top-section elementor-element elementor-element-4febcfa elementor-section-boxed elementor-section-height-default elementor-section-height-default\" data-id=\"4febcfa\" data-element_type=\"section\" data-e-type=\"section\">\n\t\t\t\t\t\t<div class=\"elementor-container elementor-column-gap-wider\">\n\t\t\t\t\t<div class=\"elementor-column elementor-col-50 elementor-top-column elementor-element elementor-element-76bae0c\" data-id=\"76bae0c\" data-element_type=\"column\" data-e-type=\"column\">\n\t\t\t<div class=\"elementor-widget-wrap elementor-element-populated\">\n\t\t\t\t\t\t<div class=\"elementor-element elementor-element-9da194a elementor-widget elementor-widget-heading\" data-id=\"9da194a\" data-element_type=\"widget\" data-e-type=\"widget\" data-widget_type=\"heading.default\">\n\t\t\t\t<div class=\"elementor-widget-container\">\n\t\t\t\t\t<h2 class=\"elementor-heading-title elementor-size-default\">Inscrivez-vous maintenant \u00e0 l'exposition de tracteurs anc\u00eatres au Werktuigendagen\u00a0!<\/h2>\t\t\t\t<\/div>\n\t\t\t\t<\/div>\n\t\t\t\t<div class=\"elementor-element elementor-element-1dcf944 elementor-widget elementor-widget-text-editor\" data-id=\"1dcf944\" data-element_type=\"widget\" data-e-type=\"widget\" data-widget_type=\"text-editor.default\">\n\t\t\t\t<div class=\"elementor-widget-container\">\n\t\t\t\t\t\t\t\t\t<p>Cette ann\u00e9e encore, un grand \u00e9v\u00e9nement de voitures anciennes aura lieu pendant les Werktuigendagen !<br \/>Les 20 et 21 septembre 2025, des milliers de passionn\u00e9s de voitures classiques se retrouveront, esp\u00e9rons-le, \u00e0 nouveau sur les terres famili\u00e8res d&#039;Audenarde (Heurne).<\/p>\t\t\t\t\t\t\t\t<\/div>\n\t\t\t\t<\/div>\n\t\t\t\t\t<\/div>\n\t\t<\/div>\n\t\t\t\t<div class=\"elementor-column elementor-col-50 elementor-top-column elementor-element elementor-element-958a03f\" data-id=\"958a03f\" data-element_type=\"column\" data-e-type=\"column\">\n\t\t\t<div class=\"elementor-widget-wrap elementor-element-populated\">\n\t\t\t\t\t\t<div class=\"elementor-element elementor-element-aa3a1a4 float-right elementor-widget elementor-widget-shortcode\" data-id=\"aa3a1a4\" data-element_type=\"widget\" data-e-type=\"widget\" data-widget_type=\"shortcode.default\">\n\t\t\t\t<div class=\"elementor-widget-container\">\n\t\t\t\t\t\t\t<div class=\"elementor-shortcode\"><div class=\"sponsor-level1\">\n\t<div class=\"sponsor-level1-inner\">\n\t<h5>Sponsor principal<\/h5><div class=\"sponsor-level1-logo\">\n\t\t\t<a href=\"https:\/\/www.kbc.be\/ondernemen\/nl\/specifieke-sectoren\/landbouw-en-tuinbouw\/agro.html\" target=\"_blank\"><img decoding=\"async\" src=\"https:\/\/www.werktuigendagen.be\/wp-content\/uploads\/2023\/08\/KBC.svg\"><\/a>\n\t\t<\/div><\/div>\n<\/div><\/div>\n\t\t\t\t\t\t<\/div>\n\t\t\t\t<\/div>\n\t\t\t\t\t<\/div>\n\t\t<\/div>\n\t\t\t\t\t<\/div>\n\t\t<\/section>\n\t\t\t\t<section class=\"elementor-section elementor-top-section elementor-element elementor-element-2a17a5a elementor-section-boxed elementor-section-height-default elementor-section-height-default\" data-id=\"2a17a5a\" data-element_type=\"section\" data-e-type=\"section\">\n\t\t\t\t\t\t<div class=\"elementor-container elementor-column-gap-wider\">\n\t\t\t\t\t<div class=\"elementor-column elementor-col-50 elementor-top-column elementor-element elementor-element-8b9311e\" data-id=\"8b9311e\" data-element_type=\"column\" data-e-type=\"column\">\n\t\t\t<div class=\"elementor-widget-wrap elementor-element-populated\">\n\t\t\t\t\t\t<div class=\"elementor-element elementor-element-9166a66 elementor-widget elementor-widget-heading\" data-id=\"9166a66\" data-element_type=\"widget\" data-e-type=\"widget\" data-widget_type=\"heading.default\">\n\t\t\t\t<div class=\"elementor-widget-container\">\n\t\t\t\t\t<h3 class=\"elementor-heading-title elementor-size-default\">Programme<\/h3>\t\t\t\t<\/div>\n\t\t\t\t<\/div>\n\t\t\t\t<div class=\"elementor-element elementor-element-c653880 elementor-widget elementor-widget-text-editor\" data-id=\"c653880\" data-element_type=\"widget\" data-e-type=\"widget\" data-widget_type=\"text-editor.default\">\n\t\t\t\t<div class=\"elementor-widget-container\">\n\t\t\t\t\t\t\t\t\t<p>L'organisation fait des grands efforts pour faire de cette \u00e9dition un \u00e9v\u00e9nement inoubliable et pr\u00e9sente un programme vari\u00e9 :<\/p>\t\t\t\t\t\t\t\t<\/div>\n\t\t\t\t<\/div>\n\t\t\t\t<div class=\"elementor-element elementor-element-b32d81c elementor-icon-list--layout-traditional elementor-list-item-link-full_width elementor-widget elementor-widget-icon-list\" data-id=\"b32d81c\" data-element_type=\"widget\" data-e-type=\"widget\" data-widget_type=\"icon-list.default\">\n\t\t\t\t<div class=\"elementor-widget-container\">\n\t\t\t\t\t\t\t<ul class=\"elementor-icon-list-items\">\n\t\t\t\t\t\t\t<li class=\"elementor-icon-list-item\">\n\t\t\t\t\t\t\t\t\t\t\t<span class=\"elementor-icon-list-icon\">\n\t\t\t\t\t\t\t<i aria-hidden=\"true\" class=\"fas fa-circle\"><\/i>\t\t\t\t\t\t<\/span>\n\t\t\t\t\t\t\t\t\t\t<span class=\"elementor-icon-list-text\">Une exposition de tracteurs anciens d&#039;avant 1985 ;<\/span>\n\t\t\t\t\t\t\t\t\t<\/li>\n\t\t\t\t\t\t<\/ul>\n\t\t\t\t\t\t<\/div>\n\t\t\t\t<\/div>\n\t\t\t\t<div class=\"elementor-element elementor-element-2df94fa elementor-icon-list--layout-traditional elementor-list-item-link-full_width elementor-widget elementor-widget-icon-list\" data-id=\"2df94fa\" data-element_type=\"widget\" data-e-type=\"widget\" data-widget_type=\"icon-list.default\">\n\t\t\t\t<div class=\"elementor-widget-container\">\n\t\t\t\t\t\t\t<ul class=\"elementor-icon-list-items\">\n\t\t\t\t\t\t\t<li class=\"elementor-icon-list-item\">\n\t\t\t\t\t\t\t\t\t\t\t<span class=\"elementor-icon-list-icon\">\n\t\t\t\t\t\t\t<i aria-hidden=\"true\" class=\"fas fa-circle\"><\/i>\t\t\t\t\t\t<\/span>\n\t\t\t\t\t\t\t\t\t\t<span class=\"elementor-icon-list-text\">Le \u00ab Belgian Oldtimer Tractor Award \u00bb sur le th\u00e8me des tracteurs six cylindres ;<\/span>\n\t\t\t\t\t\t\t\t\t<\/li>\n\t\t\t\t\t\t<\/ul>\n\t\t\t\t\t\t<\/div>\n\t\t\t\t<\/div>\n\t\t\t\t<div class=\"elementor-element elementor-element-26ef7d7 elementor-icon-list--layout-traditional elementor-list-item-link-full_width elementor-widget elementor-widget-icon-list\" data-id=\"26ef7d7\" data-element_type=\"widget\" data-e-type=\"widget\" data-widget_type=\"icon-list.default\">\n\t\t\t\t<div class=\"elementor-widget-container\">\n\t\t\t\t\t\t\t<ul class=\"elementor-icon-list-items\">\n\t\t\t\t\t\t\t<li class=\"elementor-icon-list-item\">\n\t\t\t\t\t\t\t\t\t\t\t<span class=\"elementor-icon-list-icon\">\n\t\t\t\t\t\t\t<i aria-hidden=\"true\" class=\"fas fa-circle\"><\/i>\t\t\t\t\t\t<\/span>\n\t\t\t\t\t\t\t\t\t\t<span class=\"elementor-icon-list-text\">D\u00e9monstration th\u00e9matique de fenaison : d\u00e9monstration d\u00e9taill\u00e9e avec du mat\u00e9riel de fenaison.<\/span>\n\t\t\t\t\t\t\t\t\t<\/li>\n\t\t\t\t\t\t<\/ul>\n\t\t\t\t\t\t<\/div>\n\t\t\t\t<\/div>\n\t\t\t\t<div class=\"elementor-element elementor-element-198583a elementor-widget elementor-widget-text-editor\" data-id=\"198583a\" data-element_type=\"widget\" data-e-type=\"widget\" data-widget_type=\"text-editor.default\">\n\t\t\t\t<div class=\"elementor-widget-container\">\n\t\t\t\t\t\t\t\t\t<p>L'exposition et les concours sont ouverts \u00e0 tous les passionn\u00e9s. Vous pouvez vous inscrire via le club ou individuel. Seules les inscriptions de groupe peuvent \u00eatre plac\u00e9es ensemble.<\/p><p>N&#039;h\u00e9sitez pas et remplissez le formulaire d&#039;inscription d\u00e8s aujourd&#039;hui !<\/p>\t\t\t\t\t\t\t\t<\/div>\n\t\t\t\t<\/div>\n\t\t\t\t<div class=\"elementor-element elementor-element-e51f122 elementor-widget elementor-widget-button\" data-id=\"e51f122\" data-element_type=\"widget\" data-e-type=\"widget\" data-widget_type=\"button.default\">\n\t\t\t\t<div class=\"elementor-widget-container\">\n\t\t\t\t\t\t\t\t\t<div class=\"elementor-button-wrapper\">\n\t\t\t\t\t<a class=\"elementor-button elementor-button-link elementor-size-sm\" href=\"https:\/\/www.werktuigendagen.be\/wp-content\/uploads\/2025\/07\/Inschrijvingsformulier-oldtimers-2025.pdf\" target=\"_blank\">\n\t\t\t\t\t\t<span class=\"elementor-button-content-wrapper\">\n\t\t\t\t\t\t\t\t\t<span class=\"elementor-button-text\">Formulaire d&#039;inscription pour les voitures classiques 2025<\/span>\n\t\t\t\t\t<\/span>\n\t\t\t\t\t<\/a>\n\t\t\t\t<\/div>\n\t\t\t\t\t\t\t\t<\/div>\n\t\t\t\t<\/div>\n\t\t\t\t\t<\/div>\n\t\t<\/div>\n\t\t\t\t<div class=\"elementor-column elementor-col-50 elementor-top-column elementor-element elementor-element-c4cd62a\" data-id=\"c4cd62a\" data-element_type=\"column\" data-e-type=\"column\">\n\t\t\t<div class=\"elementor-widget-wrap elementor-element-populated\">\n\t\t\t\t\t\t<div class=\"elementor-element elementor-element-aa98d69 elementor-widget elementor-widget-image\" data-id=\"aa98d69\" data-element_type=\"widget\" data-e-type=\"widget\" data-widget_type=\"image.default\">\n\t\t\t\t<div class=\"elementor-widget-container\">\n\t\t\t\t\t\t\t\t\t\t\t\t\t\t\t<img fetchpriority=\"high\" decoding=\"async\" width=\"724\" height=\"1024\" src=\"https:\/\/www.werktuigendagen.be\/wp-content\/uploads\/2025\/08\/250804_WTD_Oldtimerhappening-A2-724x1024.jpg\" class=\"attachment-large size-large wp-image-10355\" alt=\"\" srcset=\"https:\/\/www.werktuigendagen.be\/wp-content\/uploads\/2025\/08\/250804_WTD_Oldtimerhappening-A2-724x1024.jpg.webp 724w, https:\/\/www.werktuigendagen.be\/wp-content\/uploads\/2025\/08\/250804_WTD_Oldtimerhappening-A2-212x300.jpg.webp 212w, https:\/\/www.werktuigendagen.be\/wp-content\/uploads\/2025\/08\/250804_WTD_Oldtimerhappening-A2-768x1086.jpg.webp 768w, https:\/\/www.werktuigendagen.be\/wp-content\/uploads\/2025\/08\/250804_WTD_Oldtimerhappening-A2-1086x1536.jpg.webp 1086w, https:\/\/www.werktuigendagen.be\/wp-content\/uploads\/2025\/08\/250804_WTD_Oldtimerhappening-A2-8x12.jpg.webp 8w, https:\/\/www.werktuigendagen.be\/wp-content\/uploads\/2025\/08\/250804_WTD_Oldtimerhappening-A2.jpg.webp 1191w\" sizes=\"(max-width: 724px) 85vw, 724px\" \/>\t\t\t\t\t\t\t\t\t\t\t\t\t\t\t<\/div>\n\t\t\t\t<\/div>\n\t\t\t\t\t<\/div>\n\t\t<\/div>\n\t\t\t\t\t<\/div>\n\t\t<\/section>\n\t\t\t\t<section class=\"elementor-section elementor-top-section elementor-element elementor-element-b70a948 elementor-section-boxed elementor-section-height-default elementor-section-height-default\" data-id=\"b70a948\" data-element_type=\"section\" data-e-type=\"section\">\n\t\t\t\t\t\t<div class=\"elementor-container elementor-column-gap-wider\">\n\t\t\t\t\t<div class=\"elementor-column elementor-col-50 elementor-top-column elementor-element elementor-element-993e638\" data-id=\"993e638\" data-element_type=\"column\" data-e-type=\"column\">\n\t\t\t<div class=\"elementor-widget-wrap elementor-element-populated\">\n\t\t\t\t\t\t<div class=\"elementor-element elementor-element-bdcf347 elementor-widget elementor-widget-image\" data-id=\"bdcf347\" data-element_type=\"widget\" data-e-type=\"widget\" data-widget_type=\"image.default\">\n\t\t\t\t<div class=\"elementor-widget-container\">\n\t\t\t\t\t\t\t\t\t\t\t\t\t\t\t<img decoding=\"async\" src=\"https:\/\/www.werktuigendagen.be\/wp-content\/uploads\/elementor\/thumbs\/DSC08642-scaled-r8sni2odm7zkymkt94tf9fll260efmfawdngs9jwek.jpg\" title=\"DSC08642\" alt=\"DSC08642\" loading=\"lazy\" \/>\t\t\t\t\t\t\t\t\t\t\t\t\t\t\t<\/div>\n\t\t\t\t<\/div>\n\t\t\t\t\t<\/div>\n\t\t<\/div>\n\t\t\t\t<div class=\"elementor-column elementor-col-50 elementor-top-column elementor-element elementor-element-e219bd6\" data-id=\"e219bd6\" data-element_type=\"column\" data-e-type=\"column\">\n\t\t\t<div class=\"elementor-widget-wrap elementor-element-populated\">\n\t\t\t\t\t\t<div class=\"elementor-element elementor-element-7925fc6 elementor-widget elementor-widget-heading\" data-id=\"7925fc6\" data-element_type=\"widget\" data-e-type=\"widget\" data-widget_type=\"heading.default\">\n\t\t\t\t<div class=\"elementor-widget-container\">\n\t\t\t\t\t<h3 class=\"elementor-heading-title elementor-size-default\">Camping<\/h3>\t\t\t\t<\/div>\n\t\t\t\t<\/div>\n\t\t\t\t<div class=\"elementor-element elementor-element-627b115 elementor-widget elementor-widget-text-editor\" data-id=\"627b115\" data-element_type=\"widget\" data-e-type=\"widget\" data-widget_type=\"text-editor.default\">\n\t\t\t\t<div class=\"elementor-widget-container\">\n\t\t\t\t\t\t\t\t\t<p>Passer la nuit n'est autoris\u00e9 que dans la zone d\u00e9sign\u00e9e et avec l'autorisation explicite de l'organisation. Le site doit \u00eatre laiss\u00e9 propre. Les instructions correctes seront fournies pour cr\u00e9er des feux de camp. Chacun est \u00e9galement tenu de respecter le r\u00e8glement du camping qui sera \u00e9tabli \u00e0 la demande des sapeurs-pompiers.<\/p>\t\t\t\t\t\t\t\t<\/div>\n\t\t\t\t<\/div>\n\t\t\t\t<div class=\"elementor-element elementor-element-69c2b68 elementor-widget elementor-widget-heading\" data-id=\"69c2b68\" data-element_type=\"widget\" data-e-type=\"widget\" data-widget_type=\"heading.default\">\n\t\t\t\t<div class=\"elementor-widget-container\">\n\t\t\t\t\t<h3 class=\"elementor-heading-title elementor-size-default\">Pour plus d&#039;informations<\/h3>\t\t\t\t<\/div>\n\t\t\t\t<\/div>\n\t\t\t\t<div class=\"elementor-element elementor-element-53abe29 elementor-widget elementor-widget-text-editor\" data-id=\"53abe29\" data-element_type=\"widget\" data-e-type=\"widget\" data-widget_type=\"text-editor.default\">\n\t\t\t\t<div class=\"elementor-widget-container\">\n\t\t\t\t\t\t\t\t\t<p>Appel <a href=\"tel:+32475628129\">+32 475 62 81 29<\/a> ou envoyer un courriel \u00e0 <a class=\"mailto\" href=\"mailto:oldtimers@werktuigendagen.be\">oldtimers@werktuigendagen.be<\/a>.<\/p>\t\t\t\t\t\t\t\t<\/div>\n\t\t\t\t<\/div>\n\t\t\t\t\t<\/div>\n\t\t<\/div>\n\t\t\t\t\t<\/div>\n\t\t<\/section>\n\t\t\t\t<section class=\"elementor-section elementor-top-section elementor-element elementor-element-d6aff92 elementor-section-boxed elementor-section-height-default elementor-section-height-default\" data-id=\"d6aff92\" data-element_type=\"section\" data-e-type=\"section\">\n\t\t\t\t\t\t<div class=\"elementor-container elementor-column-gap-wider\">\n\t\t\t\t\t<div class=\"elementor-column elementor-col-100 elementor-top-column elementor-element elementor-element-daf5af0\" data-id=\"daf5af0\" data-element_type=\"column\" data-e-type=\"column\">\n\t\t\t<div class=\"elementor-widget-wrap elementor-element-populated\">\n\t\t\t\t\t\t<div class=\"elementor-element elementor-element-0deb6c0 elementor-widget elementor-widget-text-editor\" data-id=\"0deb6c0\" data-element_type=\"widget\" data-e-type=\"widget\" data-widget_type=\"text-editor.default\">\n\t\t\t\t<div class=\"elementor-widget-container\">\n\t\t\t\t\t\t\t\t\t<p>Nous avons h\u00e2te de vous accueillir les samedi 20 et dimanche 21 septembre 2025 !<\/p>\t\t\t\t\t\t\t\t<\/div>\n\t\t\t\t<\/div>\n\t\t\t\t\t<\/div>\n\t\t<\/div>\n\t\t\t\t\t<\/div>\n\t\t<\/section>\n\t\t\t\t<section class=\"elementor-section elementor-top-section elementor-element elementor-element-89cecce elementor-section-boxed elementor-section-height-default elementor-section-height-default\" data-id=\"89cecce\" data-element_type=\"section\" data-e-type=\"section\">\n\t\t\t\t\t\t<div class=\"elementor-container elementor-column-gap-default\">\n\t\t\t\t\t<div class=\"elementor-column elementor-col-50 elementor-top-column elementor-element elementor-element-e6ad3ab\" data-id=\"e6ad3ab\" data-element_type=\"column\" data-e-type=\"column\">\n\t\t\t<div class=\"elementor-widget-wrap elementor-element-populated\">\n\t\t\t\t\t\t<div class=\"elementor-element elementor-element-6167c81 elementor-widget elementor-widget-image\" data-id=\"6167c81\" data-element_type=\"widget\" data-e-type=\"widget\" data-widget_type=\"image.default\">\n\t\t\t\t<div class=\"elementor-widget-container\">\n\t\t\t\t\t\t\t\t\t\t\t\t\t\t\t<img decoding=\"async\" src=\"https:\/\/www.werktuigendagen.be\/wp-content\/uploads\/elementor\/thumbs\/DJI_0425-scaled-r8soecgw9g5zknp8t30avafbaey2pijjc3zly9parw.jpg\" title=\"d\u00e9faut\" alt=\"default\" loading=\"lazy\" \/>\t\t\t\t\t\t\t\t\t\t\t\t\t\t\t<\/div>\n\t\t\t\t<\/div>\n\t\t\t\t\t<\/div>\n\t\t<\/div>\n\t\t\t\t<div class=\"elementor-column elementor-col-50 elementor-top-column elementor-element elementor-element-77eb61e\" data-id=\"77eb61e\" data-element_type=\"column\" data-e-type=\"column\">\n\t\t\t<div class=\"elementor-widget-wrap elementor-element-populated\">\n\t\t\t\t\t\t<div class=\"elementor-element elementor-element-1900be1 elementor-widget elementor-widget-image\" data-id=\"1900be1\" data-element_type=\"widget\" data-e-type=\"widget\" data-widget_type=\"image.default\">\n\t\t\t\t<div class=\"elementor-widget-container\">\n\t\t\t\t\t\t\t\t\t\t\t\t\t\t\t<img decoding=\"async\" src=\"https:\/\/www.werktuigendagen.be\/wp-content\/uploads\/elementor\/thumbs\/51560544551_7feb0e005b_k-q924ur63jyl0q8jbqq5zuoahm657a6jgocu7ige0uk.jpg\" title=\"51560544551_7feb0e005b_k\" alt=\"51560544551_7feb0e005b_k\" loading=\"lazy\" \/>\t\t\t\t\t\t\t\t\t\t\t\t\t\t\t<\/div>\n\t\t\t\t<\/div>\n\t\t\t\t\t<\/div>\n\t\t<\/div>\n\t\t\t\t\t<\/div>\n\t\t<\/section>\n\t\t\t\t<\/div>","protected":false},"excerpt":{"rendered":"<p>Inscrivez-vous d\u00e8s maintenant \u00e0 l&#039;\u00e9v\u00e9nement d\u00e9di\u00e9 aux voitures de collection des Werktuigendagen ! Un autre grand \u00e9v\u00e9nement d\u00e9di\u00e9 aux voitures de collection aura lieu cette ann\u00e9e pendant les Werktuigendagen ! Les 20 et 21 septembre 2025, des milliers de passionn\u00e9s de voitures de collection se retrouveront, esp\u00e9rons-le, sur les terres famili\u00e8res d&#039;Audenarde (Heurne). Les organisateurs mettent tout en \u0153uvre pour faire de cette \u00e9dition un \u00e9v\u00e9nement inoubliable\u2026 <a href=\"https:\/\/www.werktuigendagen.be\/fr\/sponsor\/kruisem\/\" class=\"more-link\">continuer la lecture<span class=\"screen-reader-text\"> \u00ab\u00a0Kruisem\u00a0\u00bb<\/span><\/a><\/p>","protected":false},"author":1,"featured_media":0,"parent":0,"menu_order":13,"comment_status":"closed","ping_status":"closed","template":"elementor_header_footer","meta":{"_acf_changed":false,"inline_featured_image":false,"footnotes":""},"class_list":["post-8821","page","type-page","status-publish","hentry"],"acf":[],"yoast_head":"<!-- This site is optimized with the Yoast SEO plugin v27.1.1 - https:\/\/yoast.com\/product\/yoast-seo-wordpress\/ -->\n<title>Oldtimerhappening - Werktuigendagen<\/title>\n<meta name=\"robots\" content=\"index, follow, max-snippet:-1, max-image-preview:large, max-video-preview:-1\" \/>\n<link rel=\"canonical\" href=\"http:\/\/www.werktuigendagen.be\/fr\/oldtimerhappening\/\" \/>\n<meta property=\"og:locale\" content=\"fr_FR\" \/>\n<meta property=\"og:type\" content=\"article\" \/>\n<meta property=\"og:title\" content=\"Oldtimerhappening - Werktuigendagen\" \/>\n<meta property=\"og:description\" content=\"Schrijf nu in voor de oldtimerhappening op de Werktuigendagen! 0ok dit jaar vindt tijdens de Werktuigendagen een grootse oldtimerhappening plaats!Op 20 en 21 september 2025 zullen hopelijk opnieuw duizenden oldtimerfanaten naar de vertrouwde terreinen in Oudenaarde (Heurne) afzakken. Programma De organisatie spaart kosten noch moeite om van deze editie alweer een onvergetelijke gebeurtenis te maken &hellip; Continue reading &quot;Kruisem&quot;\" \/>\n<meta property=\"og:url\" content=\"http:\/\/www.werktuigendagen.be\/fr\/oldtimerhappening\/\" \/>\n<meta property=\"og:site_name\" content=\"Werktuigendagen\" \/>\n<meta property=\"article:modified_time\" content=\"2025-08-04T14:16:35+00:00\" \/>\n<meta property=\"og:image\" content=\"https:\/\/www.werktuigendagen.be\/wp-content\/uploads\/2025\/08\/250804_WTD_Oldtimerhappening-A2-724x1024.jpg\" \/>\n<meta name=\"twitter:card\" content=\"summary_large_image\" \/>\n<meta name=\"twitter:label1\" content=\"Dur\u00e9e de lecture est.\" \/>\n\t<meta name=\"twitter:data1\" content=\"2 minutes\" \/>\n<script type=\"application\/ld+json\" class=\"yoast-schema-graph\">{\"@context\":\"https:\/\/schema.org\",\"@graph\":[{\"@type\":\"WebPage\",\"@id\":\"http:\/\/www.werktuigendagen.be\/nl\/oldtimerhappening\/\",\"url\":\"http:\/\/www.werktuigendagen.be\/nl\/oldtimerhappening\/\",\"name\":\"Oldtimerhappening - Werktuigendagen\",\"isPartOf\":{\"@id\":\"https:\/\/www.werktuigendagen.be\/nl\/#website\"},\"primaryImageOfPage\":{\"@id\":\"http:\/\/www.werktuigendagen.be\/nl\/oldtimerhappening\/#primaryimage\"},\"image\":{\"@id\":\"http:\/\/www.werktuigendagen.be\/nl\/oldtimerhappening\/#primaryimage\"},\"thumbnailUrl\":\"https:\/\/www.werktuigendagen.be\/wp-content\/uploads\/2025\/08\/250804_WTD_Oldtimerhappening-A2-724x1024.jpg\",\"datePublished\":\"2022-10-06T16:55:21+00:00\",\"dateModified\":\"2025-08-04T14:16:35+00:00\",\"breadcrumb\":{\"@id\":\"http:\/\/www.werktuigendagen.be\/nl\/oldtimerhappening\/#breadcrumb\"},\"inLanguage\":\"fr-BE\",\"potentialAction\":[{\"@type\":\"ReadAction\",\"target\":[\"http:\/\/www.werktuigendagen.be\/nl\/oldtimerhappening\/\"]}]},{\"@type\":\"ImageObject\",\"inLanguage\":\"fr-BE\",\"@id\":\"http:\/\/www.werktuigendagen.be\/nl\/oldtimerhappening\/#primaryimage\",\"url\":\"https:\/\/www.werktuigendagen.be\/wp-content\/uploads\/2025\/08\/250804_WTD_Oldtimerhappening-A2-724x1024.jpg\",\"contentUrl\":\"https:\/\/www.werktuigendagen.be\/wp-content\/uploads\/2025\/08\/250804_WTD_Oldtimerhappening-A2-724x1024.jpg\"},{\"@type\":\"BreadcrumbList\",\"@id\":\"http:\/\/www.werktuigendagen.be\/nl\/oldtimerhappening\/#breadcrumb\",\"itemListElement\":[{\"@type\":\"ListItem\",\"position\":1,\"name\":\"Home\",\"item\":\"https:\/\/www.werktuigendagen.be\/nl\/\"},{\"@type\":\"ListItem\",\"position\":2,\"name\":\"Oldtimerhappening\"}]},{\"@type\":\"WebSite\",\"@id\":\"https:\/\/www.werktuigendagen.be\/nl\/#website\",\"url\":\"https:\/\/www.werktuigendagen.be\/nl\/\",\"name\":\"Werktuigendagen\",\"description\":\"Vakbeurs voor landbouwmechanisatie\",\"potentialAction\":[{\"@type\":\"SearchAction\",\"target\":{\"@type\":\"EntryPoint\",\"urlTemplate\":\"https:\/\/www.werktuigendagen.be\/nl\/?s={search_term_string}\"},\"query-input\":{\"@type\":\"PropertyValueSpecification\",\"valueRequired\":true,\"valueName\":\"search_term_string\"}}],\"inLanguage\":\"fr-BE\"}]}<\/script>\n<!-- \/ Yoast SEO plugin. -->","yoast_head_json":{"title":"Oldtimerhappening - Werktuigendagen","robots":{"index":"index","follow":"follow","max-snippet":"max-snippet:-1","max-image-preview":"max-image-preview:large","max-video-preview":"max-video-preview:-1"},"canonical":"http:\/\/www.werktuigendagen.be\/fr\/oldtimerhappening\/","og_locale":"fr_FR","og_type":"article","og_title":"Oldtimerhappening - Werktuigendagen","og_description":"Schrijf nu in voor de oldtimerhappening op de Werktuigendagen! 0ok dit jaar vindt tijdens de Werktuigendagen een grootse oldtimerhappening plaats!Op 20 en 21 september 2025 zullen hopelijk opnieuw duizenden oldtimerfanaten naar de vertrouwde terreinen in Oudenaarde (Heurne) afzakken. Programma De organisatie spaart kosten noch moeite om van deze editie alweer een onvergetelijke gebeurtenis te maken &hellip; Continue reading \"Kruisem\"","og_url":"http:\/\/www.werktuigendagen.be\/fr\/oldtimerhappening\/","og_site_name":"Werktuigendagen","article_modified_time":"2025-08-04T14:16:35+00:00","og_image":[{"url":"https:\/\/www.werktuigendagen.be\/wp-content\/uploads\/2025\/08\/250804_WTD_Oldtimerhappening-A2-724x1024.jpg","type":"","width":"","height":""}],"twitter_card":"summary_large_image","twitter_misc":{"Dur\u00e9e de lecture est.":"2 minutes"},"schema":{"@context":"https:\/\/schema.org","@graph":[{"@type":"WebPage","@id":"http:\/\/www.werktuigendagen.be\/nl\/oldtimerhappening\/","url":"http:\/\/www.werktuigendagen.be\/nl\/oldtimerhappening\/","name":"Oldtimerhappening - Werktuigendagen","isPartOf":{"@id":"https:\/\/www.werktuigendagen.be\/nl\/#website"},"primaryImageOfPage":{"@id":"http:\/\/www.werktuigendagen.be\/nl\/oldtimerhappening\/#primaryimage"},"image":{"@id":"http:\/\/www.werktuigendagen.be\/nl\/oldtimerhappening\/#primaryimage"},"thumbnailUrl":"https:\/\/www.werktuigendagen.be\/wp-content\/uploads\/2025\/08\/250804_WTD_Oldtimerhappening-A2-724x1024.jpg","datePublished":"2022-10-06T16:55:21+00:00","dateModified":"2025-08-04T14:16:35+00:00","breadcrumb":{"@id":"http:\/\/www.werktuigendagen.be\/nl\/oldtimerhappening\/#breadcrumb"},"inLanguage":"fr-BE","potentialAction":[{"@type":"ReadAction","target":["http:\/\/www.werktuigendagen.be\/nl\/oldtimerhappening\/"]}]},{"@type":"ImageObject","inLanguage":"fr-BE","@id":"http:\/\/www.werktuigendagen.be\/nl\/oldtimerhappening\/#primaryimage","url":"https:\/\/www.werktuigendagen.be\/wp-content\/uploads\/2025\/08\/250804_WTD_Oldtimerhappening-A2-724x1024.jpg","contentUrl":"https:\/\/www.werktuigendagen.be\/wp-content\/uploads\/2025\/08\/250804_WTD_Oldtimerhappening-A2-724x1024.jpg"},{"@type":"BreadcrumbList","@id":"http:\/\/www.werktuigendagen.be\/nl\/oldtimerhappening\/#breadcrumb","itemListElement":[{"@type":"ListItem","position":1,"name":"Home","item":"https:\/\/www.werktuigendagen.be\/nl\/"},{"@type":"ListItem","position":2,"name":"Oldtimerhappening"}]},{"@type":"WebSite","@id":"https:\/\/www.werktuigendagen.be\/nl\/#website","url":"https:\/\/www.werktuigendagen.be\/nl\/","name":"Werktuigendagen","description":"Salon de la m\u00e9canisation agricole","potentialAction":[{"@type":"SearchAction","target":{"@type":"EntryPoint","urlTemplate":"https:\/\/www.werktuigendagen.be\/nl\/?s={search_term_string}"},"query-input":{"@type":"PropertyValueSpecification","valueRequired":true,"valueName":"search_term_string"}}],"inLanguage":"fr-BE"}]}},"_links":{"self":[{"href":"https:\/\/www.werktuigendagen.be\/fr\/wp-json\/wp\/v2\/pages\/8821","targetHints":{"allow":["GET"]}}],"collection":[{"href":"https:\/\/www.werktuigendagen.be\/fr\/wp-json\/wp\/v2\/pages"}],"about":[{"href":"https:\/\/www.werktuigendagen.be\/fr\/wp-json\/wp\/v2\/types\/page"}],"author":[{"embeddable":true,"href":"https:\/\/www.werktuigendagen.be\/fr\/wp-json\/wp\/v2\/users\/1"}],"replies":[{"embeddable":true,"href":"https:\/\/www.werktuigendagen.be\/fr\/wp-json\/wp\/v2\/comments?post=8821"}],"version-history":[{"count":15,"href":"https:\/\/www.werktuigendagen.be\/fr\/wp-json\/wp\/v2\/pages\/8821\/revisions"}],"predecessor-version":[{"id":10362,"href":"https:\/\/www.werktuigendagen.be\/fr\/wp-json\/wp\/v2\/pages\/8821\/revisions\/10362"}],"wp:attachment":[{"href":"https:\/\/www.werktuigendagen.be\/fr\/wp-json\/wp\/v2\/media?parent=8821"}],"curies":[{"name":"wp","href":"https:\/\/api.w.org\/{rel}","templated":true}]}}