{"id":6295,"date":"2022-03-13T17:38:44","date_gmt":"2022-03-13T17:38:44","guid":{"rendered":"https:\/\/www.werktuigendagen.be\/?page_id=6295"},"modified":"2025-09-04T11:02:29","modified_gmt":"2025-09-04T11:02:29","slug":"bezoekers-bereikbaarheid","status":"publish","type":"page","link":"https:\/\/www.werktuigendagen.be\/fr\/bezoekers-bereikbaarheid\/","title":{"rendered":"Visiteurs | Accessibilit\u00e9"},"content":{"rendered":"<div data-elementor-type=\"wp-page\" data-elementor-id=\"6295\" class=\"elementor elementor-6295\" data-elementor-post-type=\"page\">\n\t\t\t\t\t\t<section class=\"elementor-section elementor-top-section elementor-element elementor-element-4a948e3 elementor-section-boxed elementor-section-height-default elementor-section-height-default\" data-id=\"4a948e3\" data-element_type=\"section\" data-e-type=\"section\">\n\t\t\t\t\t\t<div class=\"elementor-container elementor-column-gap-default\">\n\t\t\t\t\t<div class=\"elementor-column elementor-col-100 elementor-top-column elementor-element elementor-element-69e0558\" data-id=\"69e0558\" data-element_type=\"column\" data-e-type=\"column\">\n\t\t\t<div class=\"elementor-widget-wrap elementor-element-populated\">\n\t\t\t\t\t\t<div class=\"elementor-element elementor-element-ae9dff1 elementor-widget elementor-widget-heading\" data-id=\"ae9dff1\" data-element_type=\"widget\" data-e-type=\"widget\" data-widget_type=\"heading.default\">\n\t\t\t\t<div class=\"elementor-widget-container\">\n\t\t\t\t\t<h2 class=\"elementor-heading-title elementor-size-default\">Accessibilit\u00e9\n<\/h2>\t\t\t\t<\/div>\n\t\t\t\t<\/div>\n\t\t\t\t\t<\/div>\n\t\t<\/div>\n\t\t\t\t\t<\/div>\n\t\t<\/section>\n\t\t\t\t<section class=\"elementor-section elementor-top-section elementor-element elementor-element-7ee7297 elementor-section-boxed elementor-section-height-default elementor-section-height-default\" data-id=\"7ee7297\" data-element_type=\"section\" data-e-type=\"section\">\n\t\t\t\t\t\t<div class=\"elementor-container elementor-column-gap-default\">\n\t\t\t\t\t<div class=\"elementor-column elementor-col-50 elementor-top-column elementor-element elementor-element-191fea1\" data-id=\"191fea1\" data-element_type=\"column\" data-e-type=\"column\">\n\t\t\t<div class=\"elementor-widget-wrap elementor-element-populated\">\n\t\t\t\t\t\t<div class=\"elementor-element elementor-element-b7f795a elementor-widget elementor-widget-heading\" data-id=\"b7f795a\" data-element_type=\"widget\" data-e-type=\"widget\" data-widget_type=\"heading.default\">\n\t\t\t\t<div class=\"elementor-widget-container\">\n\t\t\t\t\t<h3 class=\"elementor-heading-title elementor-size-default\">En voiture\n<\/h3>\t\t\t\t<\/div>\n\t\t\t\t<\/div>\n\t\t\t\t<div class=\"elementor-element elementor-element-85baa4d elementor-widget elementor-widget-heading\" data-id=\"85baa4d\" data-element_type=\"widget\" data-e-type=\"widget\" data-widget_type=\"heading.default\">\n\t\t\t\t<div class=\"elementor-widget-container\">\n\t\t\t\t\t<h4 class=\"elementor-heading-title elementor-size-default\">Visiteurs venant de Gand\/Anvers\/Bruxelles\u00a0:<\/h4>\t\t\t\t<\/div>\n\t\t\t\t<\/div>\n\t\t\t\t<div class=\"elementor-element elementor-element-272d87e elementor-widget elementor-widget-text-editor\" data-id=\"272d87e\" data-element_type=\"widget\" data-e-type=\"widget\" data-widget_type=\"text-editor.default\">\n\t\t\t\t<div class=\"elementor-widget-container\">\n\t\t\t\t\t\t\t\t\t<p>Quittez l'autoroute E17 par la sortie 8 De Pinte, puis suivez la N60 en direction d\u2019Audenarde. A proximit\u00e9 de l'\u00e9v\u00e9nement, vous serez redirig\u00e9 vers le parking le plus proche.<\/p>\t\t\t\t\t\t\t\t<\/div>\n\t\t\t\t<\/div>\n\t\t\t\t<div class=\"elementor-element elementor-element-cb7b6d4 elementor-widget elementor-widget-heading\" data-id=\"cb7b6d4\" data-element_type=\"widget\" data-e-type=\"widget\" data-widget_type=\"heading.default\">\n\t\t\t\t<div class=\"elementor-widget-container\">\n\t\t\t\t\t<h4 class=\"elementor-heading-title elementor-size-default\">Visiteurs venant de la direction de Waregem\/Courtrai :<\/h4>\t\t\t\t<\/div>\n\t\t\t\t<\/div>\n\t\t\t\t<div class=\"elementor-element elementor-element-5286185 elementor-widget elementor-widget-text-editor\" data-id=\"5286185\" data-element_type=\"widget\" data-e-type=\"widget\" data-widget_type=\"text-editor.default\">\n\t\t\t\t<div class=\"elementor-widget-container\">\n\t\t\t\t\t\t\t\t\t<p>Quittez l'autoroute E17 par la sortie 6 Kruisem, puis suivez la N459 en direction d\u2019Audenarde. Une fois sur la N60, vous serez redirig\u00e9 vers le parking le plus proche.<\/p>\t\t\t\t\t\t\t\t<\/div>\n\t\t\t\t<\/div>\n\t\t\t\t<div class=\"elementor-element elementor-element-a5128bc elementor-widget elementor-widget-heading\" data-id=\"a5128bc\" data-element_type=\"widget\" data-e-type=\"widget\" data-widget_type=\"heading.default\">\n\t\t\t\t<div class=\"elementor-widget-container\">\n\t\t\t\t\t<h4 class=\"elementor-heading-title elementor-size-default\">Visiteurs venant de la direction Audenarde-Renaix :<\/h4>\t\t\t\t<\/div>\n\t\t\t\t<\/div>\n\t\t\t\t<div class=\"elementor-element elementor-element-734a43b elementor-widget elementor-widget-text-editor\" data-id=\"734a43b\" data-element_type=\"widget\" data-e-type=\"widget\" data-widget_type=\"text-editor.default\">\n\t\t\t\t<div class=\"elementor-widget-container\">\n\t\t\t\t\t\t\t\t\t<p>De la N60, vous serez redirig\u00e9 vers le parking le plus proche.<\/p>\t\t\t\t\t\t\t\t<\/div>\n\t\t\t\t<\/div>\n\t\t\t\t\t<\/div>\n\t\t<\/div>\n\t\t\t\t<div class=\"elementor-column elementor-col-50 elementor-top-column elementor-element elementor-element-cfa1641\" data-id=\"cfa1641\" data-element_type=\"column\" data-e-type=\"column\">\n\t\t\t<div class=\"elementor-widget-wrap elementor-element-populated\">\n\t\t\t\t\t\t<div class=\"elementor-element elementor-element-e655d4b elementor-widget elementor-widget-heading\" data-id=\"e655d4b\" data-element_type=\"widget\" data-e-type=\"widget\" data-widget_type=\"heading.default\">\n\t\t\t\t<div class=\"elementor-widget-container\">\n\t\t\t\t\t<h3 class=\"elementor-heading-title elementor-size-default\">Parc-o-bus\n<\/h3>\t\t\t\t<\/div>\n\t\t\t\t<\/div>\n\t\t\t\t<div class=\"elementor-element elementor-element-ca0abbc elementor-widget elementor-widget-text-editor\" data-id=\"ca0abbc\" data-element_type=\"widget\" data-e-type=\"widget\" data-widget_type=\"text-editor.default\">\n\t\t\t\t<div class=\"elementor-widget-container\">\n\t\t\t\t\t\t\t\t\t<p>Ceux qui pr\u00e9f\u00e8rent se garer sur un terrain pav\u00e9 ou qui veulent \u00e9viter la foule aux P1, P2 et P3 peuvent utiliser le Park &amp; Ride (P5 : Westerring \u2013 c\u00f4t\u00e9 Samsonite)<\/p>\n<p>De l\u00e0, vous serez conduit gratuitement en bus jusqu&#039;au Werktuigendagen. Les bus circulent de 8h45 \u00e0 18h30.<\/p>\t\t\t\t\t\t\t\t<\/div>\n\t\t\t\t<\/div>\n\t\t\t\t\t<\/div>\n\t\t<\/div>\n\t\t\t\t\t<\/div>\n\t\t<\/section>\n\t\t\t\t<section class=\"elementor-section elementor-top-section elementor-element elementor-element-7f242d6 elementor-reverse-mobile elementor-section-boxed elementor-section-height-default elementor-section-height-default\" data-id=\"7f242d6\" data-element_type=\"section\" data-e-type=\"section\">\n\t\t\t\t\t\t<div class=\"elementor-container elementor-column-gap-default\">\n\t\t\t\t\t<div class=\"elementor-column elementor-col-50 elementor-top-column elementor-element elementor-element-e6900bb\" data-id=\"e6900bb\" data-element_type=\"column\" data-e-type=\"column\">\n\t\t\t<div class=\"elementor-widget-wrap elementor-element-populated\">\n\t\t\t\t\t\t<div class=\"elementor-element elementor-element-3428640 elementor-widget elementor-widget-heading\" data-id=\"3428640\" data-element_type=\"widget\" data-e-type=\"widget\" data-widget_type=\"heading.default\">\n\t\t\t\t<div class=\"elementor-widget-container\">\n\t\t\t\t\t<h3 class=\"elementor-heading-title elementor-size-default\">A v\u00e9lo\/moto\n<\/h3>\t\t\t\t<\/div>\n\t\t\t\t<\/div>\n\t\t\t\t<div class=\"elementor-element elementor-element-85717ca elementor-widget elementor-widget-text-editor\" data-id=\"85717ca\" data-element_type=\"widget\" data-e-type=\"widget\" data-widget_type=\"text-editor.default\">\n\t\t\t\t<div class=\"elementor-widget-container\">\n\t\t\t\t\t\t\t\t\t<p>Un espace de stationnement s\u00e9par\u00e9 est pr\u00e9vu pour les v\u00e9los et les motos dans la Lange Aststraat, pr\u00e8s du tunnel pi\u00e9tonnier sous la N60. Vous pouvez y acc\u00e9der par la sortie Huise \/ Mullem (venant de Gand). De l\u00e0, vous suivez la signalisation.<\/p><p>\u00a0<\/p>\t\t\t\t\t\t\t\t<\/div>\n\t\t\t\t<\/div>\n\t\t\t\t\t<\/div>\n\t\t<\/div>\n\t\t\t\t<div class=\"elementor-column elementor-col-50 elementor-top-column elementor-element elementor-element-79c57a5\" data-id=\"79c57a5\" data-element_type=\"column\" data-e-type=\"column\">\n\t\t\t<div class=\"elementor-widget-wrap elementor-element-populated\">\n\t\t\t\t\t\t<div class=\"elementor-element elementor-element-e97eafd elementor-widget elementor-widget-heading\" data-id=\"e97eafd\" data-element_type=\"widget\" data-e-type=\"widget\" data-widget_type=\"heading.default\">\n\t\t\t\t<div class=\"elementor-widget-container\">\n\t\t\t\t\t<h3 class=\"elementor-heading-title elementor-size-default\">En bus (groupes\/associations) \n<\/h3>\t\t\t\t<\/div>\n\t\t\t\t<\/div>\n\t\t\t\t<div class=\"elementor-element elementor-element-d11fccc elementor-widget elementor-widget-text-editor\" data-id=\"d11fccc\" data-element_type=\"widget\" data-e-type=\"widget\" data-widget_type=\"text-editor.default\">\n\t\t\t\t<div class=\"elementor-widget-container\">\n\t\t\t\t\t\t\t\t\t<p>Nous avons d\u00e9velopp\u00e9 l&#039;arrangement suivant pour les groupes\/associations qui organisent eux-m\u00eames un bus vers les Werktuigendagen\u00a0:<\/p>\t\t\t\t\t\t\t\t<\/div>\n\t\t\t\t<\/div>\n\t\t\t\t<div class=\"elementor-element elementor-element-0eba18f elementor-icon-list--layout-traditional elementor-list-item-link-full_width elementor-widget elementor-widget-icon-list\" data-id=\"0eba18f\" data-element_type=\"widget\" data-e-type=\"widget\" data-widget_type=\"icon-list.default\">\n\t\t\t\t<div class=\"elementor-widget-container\">\n\t\t\t\t\t\t\t<ul class=\"elementor-icon-list-items\">\n\t\t\t\t\t\t\t<li class=\"elementor-icon-list-item\">\n\t\t\t\t\t\t\t\t\t\t\t<span class=\"elementor-icon-list-icon\">\n\t\t\t\t\t\t\t<i aria-hidden=\"true\" class=\"fas fa-circle\"><\/i>\t\t\t\t\t\t<\/span>\n\t\t\t\t\t\t\t\t\t\t<span class=\"elementor-icon-list-text\">Les visiteurs peuvent \u00eatre d\u00e9pos\u00e9s en bus \u00e0 l'arr\u00eat de la navette \u00e0 Moriaanshoofd. Le bus peut ensuite se garer au parking P5, pr\u00e8s de Samsonite (Westerring, 9700 Oudenaarde). Le bus doit d'abord continuer en direction de Gand, puis tourner \u00e0 't Peerdeken (carrefour McDonald's) et repartir en direction d'Audenarde jusqu'au P5.<\/span>\n\t\t\t\t\t\t\t\t\t<\/li>\n\t\t\t\t\t\t\t\t<li class=\"elementor-icon-list-item\">\n\t\t\t\t\t\t\t\t\t\t\t<span class=\"elementor-icon-list-icon\">\n\t\t\t\t\t\t\t<i aria-hidden=\"true\" class=\"fas fa-circle\"><\/i>\t\t\t\t\t\t<\/span>\n\t\t\t\t\t\t\t\t\t\t<span class=\"elementor-icon-list-text\">Ensuite, le bus peut r\u00e9cup\u00e9rer les visiteurs au m\u00eame arr\u00eat de la navette.<\/span>\n\t\t\t\t\t\t\t\t\t<\/li>\n\t\t\t\t\t\t<\/ul>\n\t\t\t\t\t\t<\/div>\n\t\t\t\t<\/div>\n\t\t\t\t\t<\/div>\n\t\t<\/div>\n\t\t\t\t\t<\/div>\n\t\t<\/section>\n\t\t\t\t<section class=\"elementor-section elementor-top-section elementor-element elementor-element-5152f85 elementor-reverse-mobile elementor-section-boxed elementor-section-height-default elementor-section-height-default\" data-id=\"5152f85\" data-element_type=\"section\" data-e-type=\"section\">\n\t\t\t\t\t\t<div class=\"elementor-container elementor-column-gap-default\">\n\t\t\t\t\t<div class=\"elementor-column elementor-col-50 elementor-top-column elementor-element elementor-element-76ef014\" data-id=\"76ef014\" data-element_type=\"column\" data-e-type=\"column\">\n\t\t\t<div class=\"elementor-widget-wrap elementor-element-populated\">\n\t\t\t\t\t\t<div class=\"elementor-element elementor-element-8987708 elementor-widget elementor-widget-heading\" data-id=\"8987708\" data-element_type=\"widget\" data-e-type=\"widget\" data-widget_type=\"heading.default\">\n\t\t\t\t<div class=\"elementor-widget-container\">\n\t\t\t\t\t<h3 class=\"elementor-heading-title elementor-size-default\">Plan de stationnement 2025<\/h3>\t\t\t\t<\/div>\n\t\t\t\t<\/div>\n\t\t\t\t<div class=\"elementor-element elementor-element-f20e167 elementor-widget elementor-widget-text-editor\" data-id=\"f20e167\" data-element_type=\"widget\" data-e-type=\"widget\" data-widget_type=\"text-editor.default\">\n\t\t\t\t<div class=\"elementor-widget-container\">\n\t\t\t\t\t\t\t\t\t<p>En pr\u00e9vision de l&#039;\u00e9v\u00e9nement, vous pouvez t\u00e9l\u00e9charger le plan de stationnement ci-dessous.\u00a0<\/p>\t\t\t\t\t\t\t\t<\/div>\n\t\t\t\t<\/div>\n\t\t\t\t<div class=\"elementor-element elementor-element-6dc5baf elementor-widget elementor-widget-button\" data-id=\"6dc5baf\" data-element_type=\"widget\" data-e-type=\"widget\" data-widget_type=\"button.default\">\n\t\t\t\t<div class=\"elementor-widget-container\">\n\t\t\t\t\t\t\t\t\t<div class=\"elementor-button-wrapper\">\n\t\t\t\t\t<a class=\"elementor-button elementor-button-link elementor-size-sm\" href=\"https:\/\/www.werktuigendagen.be\/wp-content\/uploads\/2025\/09\/Parkingplan-WTD-2025.pdf\" target=\"_blank\">\n\t\t\t\t\t\t<span class=\"elementor-button-content-wrapper\">\n\t\t\t\t\t\t\t\t\t<span class=\"elementor-button-text\">Plan de stationnement Journ\u00e9es de la Machinerie 2025<\/span>\n\t\t\t\t\t<\/span>\n\t\t\t\t\t<\/a>\n\t\t\t\t<\/div>\n\t\t\t\t\t\t\t\t<\/div>\n\t\t\t\t<\/div>\n\t\t\t\t\t<\/div>\n\t\t<\/div>\n\t\t\t\t<div class=\"elementor-column elementor-col-50 elementor-top-column elementor-element elementor-element-2a851d7\" data-id=\"2a851d7\" data-element_type=\"column\" data-e-type=\"column\">\n\t\t\t<div class=\"elementor-widget-wrap elementor-element-populated\">\n\t\t\t\t\t\t<div class=\"elementor-element elementor-element-2594495 elementor-widget elementor-widget-image\" data-id=\"2594495\" data-element_type=\"widget\" data-e-type=\"widget\" data-widget_type=\"image.default\">\n\t\t\t\t<div class=\"elementor-widget-container\">\n\t\t\t\t\t\t\t\t\t\t\t\t\t\t\t\t<a href=\"https:\/\/www.werktuigendagen.be\/wp-content\/uploads\/2023\/07\/DSC_7488-scaled.jpg\" data-elementor-open-lightbox=\"yes\" data-elementor-lightbox-title=\"DSC_7488\" data-e-action-hash=\"#elementor-action%3Aaction%3Dlightbox%26settings%3DeyJpZCI6OTA5OCwidXJsIjoiaHR0cHM6XC9cL3d3dy53ZXJrdHVpZ2VuZGFnZW4uYmVcL3dwLWNvbnRlbnRcL3VwbG9hZHNcLzIwMjNcLzA3XC9EU0NfNzQ4OC1zY2FsZWQuanBnIn0%3D\">\n\t\t\t\t\t\t\t<img decoding=\"async\" src=\"https:\/\/www.werktuigendagen.be\/wp-content\/uploads\/elementor\/thumbs\/DSC_7488-scaled-q924vif7i98d9si5v7gw4bu32dlql59dw18aa7c16o.jpg\" title=\"DSC_7488\" alt=\"DSC_7488\" loading=\"lazy\" \/>\t\t\t\t\t\t\t\t<\/a>\n\t\t\t\t\t\t\t\t\t\t\t\t\t\t\t<\/div>\n\t\t\t\t<\/div>\n\t\t\t\t\t<\/div>\n\t\t<\/div>\n\t\t\t\t\t<\/div>\n\t\t<\/section>\n\t\t\t\t<\/div>","protected":false},"excerpt":{"rendered":"<p>Accessibilit\u00e9 En voiture Visiteurs venant de Gand\/Anvers\/Bruxelles : Quittez la E17 via la sortie 8 De Pinte puis continuez via la N60 en direction d&#039;Audenarde. Une fois \u00e0 l\u2019approche de l\u2019\u00e9v\u00e9nement, vous serez dirig\u00e9 vers le parking le plus proche. Visiteurs venant de Waregem\/Kortrijk : Quittez la E17 via la sortie 6 Kruisem jusqu&#039;\u00e0 \u2026 <a href=\"https:\/\/www.werktuigendagen.be\/fr\/bezoekers-bereikbaarheid\/\" class=\"more-link\">continuer la lecture<span class=\"screen-reader-text\"> \u00ab Visiteurs | Accessibilit\u00e9&quot;<\/span><\/a><\/p>","protected":false},"author":1,"featured_media":0,"parent":0,"menu_order":14,"comment_status":"closed","ping_status":"closed","template":"elementor_header_footer","meta":{"_acf_changed":false,"inline_featured_image":false,"footnotes":""},"class_list":["post-6295","page","type-page","status-publish","hentry"],"acf":[],"yoast_head":"<!-- This site is optimized with the Yoast SEO plugin v27.1.1 - https:\/\/yoast.com\/product\/yoast-seo-wordpress\/ -->\n<title>Bezoekers | Bereikbaarheid - Werktuigendagen<\/title>\n<meta name=\"robots\" content=\"index, follow, max-snippet:-1, max-image-preview:large, max-video-preview:-1\" \/>\n<link rel=\"canonical\" href=\"https:\/\/www.werktuigendagen.be\/fr\/bezoekers-bereikbaarheid\/\" \/>\n<meta property=\"og:locale\" content=\"fr_FR\" \/>\n<meta property=\"og:type\" content=\"article\" \/>\n<meta property=\"og:title\" content=\"Bezoekers | Bereikbaarheid - Werktuigendagen\" \/>\n<meta property=\"og:description\" content=\"Bereikbaarheid Met de auto Bezoekers komende uit de richting van Gent\/Antwerpen\/Brussel: Verlaten de E17 via afrit 8 De Pinte om dan via de N60 richting Oudenaarde te rijden. Eenmaal u het evenement nadert, wordt u naar de dichtstbijzijnde parking afgeleid. Bezoekers komende uit de richting van Waregem\/Kortrijk: Verlaten de E17 via afrit 6 Kruisem om &hellip; Continue reading &quot;Bezoekers | Bereikbaarheid&quot;\" \/>\n<meta property=\"og:url\" content=\"https:\/\/www.werktuigendagen.be\/fr\/bezoekers-bereikbaarheid\/\" \/>\n<meta property=\"og:site_name\" content=\"Werktuigendagen\" \/>\n<meta property=\"article:modified_time\" content=\"2025-09-04T11:02:29+00:00\" \/>\n<meta property=\"og:image\" content=\"https:\/\/www.werktuigendagen.be\/wp-content\/uploads\/elementor\/thumbs\/DSC_7488-scaled-q924vif7i98d9si5v7gw4bu32dlql59dw18aa7c16o.jpg\" \/>\n<meta name=\"twitter:card\" content=\"summary_large_image\" \/>\n<meta name=\"twitter:label1\" content=\"Dur\u00e9e de lecture est.\" \/>\n\t<meta name=\"twitter:data1\" content=\"2 minutes\" \/>\n<script type=\"application\/ld+json\" class=\"yoast-schema-graph\">{\"@context\":\"https:\/\/schema.org\",\"@graph\":[{\"@type\":\"WebPage\",\"@id\":\"https:\/\/www.werktuigendagen.be\/en\/bezoekers-bereikbaarheid\/\",\"url\":\"https:\/\/www.werktuigendagen.be\/en\/bezoekers-bereikbaarheid\/\",\"name\":\"Bezoekers | Bereikbaarheid - Werktuigendagen\",\"isPartOf\":{\"@id\":\"https:\/\/www.werktuigendagen.be\/nl\/#website\"},\"primaryImageOfPage\":{\"@id\":\"https:\/\/www.werktuigendagen.be\/en\/bezoekers-bereikbaarheid\/#primaryimage\"},\"image\":{\"@id\":\"https:\/\/www.werktuigendagen.be\/en\/bezoekers-bereikbaarheid\/#primaryimage\"},\"thumbnailUrl\":\"https:\/\/www.werktuigendagen.be\/wp-content\/uploads\/elementor\/thumbs\/DSC_7488-scaled-q924vif7i98d9si5v7gw4bu32dlql59dw18aa7c16o.jpg\",\"datePublished\":\"2022-03-13T17:38:44+00:00\",\"dateModified\":\"2025-09-04T11:02:29+00:00\",\"breadcrumb\":{\"@id\":\"https:\/\/www.werktuigendagen.be\/en\/bezoekers-bereikbaarheid\/#breadcrumb\"},\"inLanguage\":\"fr-BE\",\"potentialAction\":[{\"@type\":\"ReadAction\",\"target\":[\"https:\/\/www.werktuigendagen.be\/en\/bezoekers-bereikbaarheid\/\"]}]},{\"@type\":\"ImageObject\",\"inLanguage\":\"fr-BE\",\"@id\":\"https:\/\/www.werktuigendagen.be\/en\/bezoekers-bereikbaarheid\/#primaryimage\",\"url\":\"https:\/\/www.werktuigendagen.be\/wp-content\/uploads\/elementor\/thumbs\/DSC_7488-scaled-q924vif7i98d9si5v7gw4bu32dlql59dw18aa7c16o.jpg\",\"contentUrl\":\"https:\/\/www.werktuigendagen.be\/wp-content\/uploads\/elementor\/thumbs\/DSC_7488-scaled-q924vif7i98d9si5v7gw4bu32dlql59dw18aa7c16o.jpg\"},{\"@type\":\"BreadcrumbList\",\"@id\":\"https:\/\/www.werktuigendagen.be\/en\/bezoekers-bereikbaarheid\/#breadcrumb\",\"itemListElement\":[{\"@type\":\"ListItem\",\"position\":1,\"name\":\"Home\",\"item\":\"https:\/\/www.werktuigendagen.be\/nl\/\"},{\"@type\":\"ListItem\",\"position\":2,\"name\":\"Bezoekers | Bereikbaarheid\"}]},{\"@type\":\"WebSite\",\"@id\":\"https:\/\/www.werktuigendagen.be\/nl\/#website\",\"url\":\"https:\/\/www.werktuigendagen.be\/nl\/\",\"name\":\"Werktuigendagen\",\"description\":\"Vakbeurs voor landbouwmechanisatie\",\"potentialAction\":[{\"@type\":\"SearchAction\",\"target\":{\"@type\":\"EntryPoint\",\"urlTemplate\":\"https:\/\/www.werktuigendagen.be\/nl\/?s={search_term_string}\"},\"query-input\":{\"@type\":\"PropertyValueSpecification\",\"valueRequired\":true,\"valueName\":\"search_term_string\"}}],\"inLanguage\":\"fr-BE\"}]}<\/script>\n<!-- \/ Yoast SEO plugin. -->","yoast_head_json":{"title":"Bezoekers | Bereikbaarheid - Werktuigendagen","robots":{"index":"index","follow":"follow","max-snippet":"max-snippet:-1","max-image-preview":"max-image-preview:large","max-video-preview":"max-video-preview:-1"},"canonical":"https:\/\/www.werktuigendagen.be\/fr\/bezoekers-bereikbaarheid\/","og_locale":"fr_FR","og_type":"article","og_title":"Bezoekers | Bereikbaarheid - Werktuigendagen","og_description":"Bereikbaarheid Met de auto Bezoekers komende uit de richting van Gent\/Antwerpen\/Brussel: Verlaten de E17 via afrit 8 De Pinte om dan via de N60 richting Oudenaarde te rijden. Eenmaal u het evenement nadert, wordt u naar de dichtstbijzijnde parking afgeleid. Bezoekers komende uit de richting van Waregem\/Kortrijk: Verlaten de E17 via afrit 6 Kruisem om &hellip; Continue reading \"Bezoekers | Bereikbaarheid\"","og_url":"https:\/\/www.werktuigendagen.be\/fr\/bezoekers-bereikbaarheid\/","og_site_name":"Werktuigendagen","article_modified_time":"2025-09-04T11:02:29+00:00","og_image":[{"url":"https:\/\/www.werktuigendagen.be\/wp-content\/uploads\/elementor\/thumbs\/DSC_7488-scaled-q924vif7i98d9si5v7gw4bu32dlql59dw18aa7c16o.jpg","type":"","width":"","height":""}],"twitter_card":"summary_large_image","twitter_misc":{"Dur\u00e9e de lecture est.":"2 minutes"},"schema":{"@context":"https:\/\/schema.org","@graph":[{"@type":"WebPage","@id":"https:\/\/www.werktuigendagen.be\/en\/bezoekers-bereikbaarheid\/","url":"https:\/\/www.werktuigendagen.be\/en\/bezoekers-bereikbaarheid\/","name":"Bezoekers | Bereikbaarheid - Werktuigendagen","isPartOf":{"@id":"https:\/\/www.werktuigendagen.be\/nl\/#website"},"primaryImageOfPage":{"@id":"https:\/\/www.werktuigendagen.be\/en\/bezoekers-bereikbaarheid\/#primaryimage"},"image":{"@id":"https:\/\/www.werktuigendagen.be\/en\/bezoekers-bereikbaarheid\/#primaryimage"},"thumbnailUrl":"https:\/\/www.werktuigendagen.be\/wp-content\/uploads\/elementor\/thumbs\/DSC_7488-scaled-q924vif7i98d9si5v7gw4bu32dlql59dw18aa7c16o.jpg","datePublished":"2022-03-13T17:38:44+00:00","dateModified":"2025-09-04T11:02:29+00:00","breadcrumb":{"@id":"https:\/\/www.werktuigendagen.be\/en\/bezoekers-bereikbaarheid\/#breadcrumb"},"inLanguage":"fr-BE","potentialAction":[{"@type":"ReadAction","target":["https:\/\/www.werktuigendagen.be\/en\/bezoekers-bereikbaarheid\/"]}]},{"@type":"ImageObject","inLanguage":"fr-BE","@id":"https:\/\/www.werktuigendagen.be\/en\/bezoekers-bereikbaarheid\/#primaryimage","url":"https:\/\/www.werktuigendagen.be\/wp-content\/uploads\/elementor\/thumbs\/DSC_7488-scaled-q924vif7i98d9si5v7gw4bu32dlql59dw18aa7c16o.jpg","contentUrl":"https:\/\/www.werktuigendagen.be\/wp-content\/uploads\/elementor\/thumbs\/DSC_7488-scaled-q924vif7i98d9si5v7gw4bu32dlql59dw18aa7c16o.jpg"},{"@type":"BreadcrumbList","@id":"https:\/\/www.werktuigendagen.be\/en\/bezoekers-bereikbaarheid\/#breadcrumb","itemListElement":[{"@type":"ListItem","position":1,"name":"Home","item":"https:\/\/www.werktuigendagen.be\/nl\/"},{"@type":"ListItem","position":2,"name":"Bezoekers | Bereikbaarheid"}]},{"@type":"WebSite","@id":"https:\/\/www.werktuigendagen.be\/nl\/#website","url":"https:\/\/www.werktuigendagen.be\/nl\/","name":"Werktuigendagen","description":"Salon de la m\u00e9canisation agricole","potentialAction":[{"@type":"SearchAction","target":{"@type":"EntryPoint","urlTemplate":"https:\/\/www.werktuigendagen.be\/nl\/?s={search_term_string}"},"query-input":{"@type":"PropertyValueSpecification","valueRequired":true,"valueName":"search_term_string"}}],"inLanguage":"fr-BE"}]}},"_links":{"self":[{"href":"https:\/\/www.werktuigendagen.be\/fr\/wp-json\/wp\/v2\/pages\/6295","targetHints":{"allow":["GET"]}}],"collection":[{"href":"https:\/\/www.werktuigendagen.be\/fr\/wp-json\/wp\/v2\/pages"}],"about":[{"href":"https:\/\/www.werktuigendagen.be\/fr\/wp-json\/wp\/v2\/types\/page"}],"author":[{"embeddable":true,"href":"https:\/\/www.werktuigendagen.be\/fr\/wp-json\/wp\/v2\/users\/1"}],"replies":[{"embeddable":true,"href":"https:\/\/www.werktuigendagen.be\/fr\/wp-json\/wp\/v2\/comments?post=6295"}],"version-history":[{"count":3,"href":"https:\/\/www.werktuigendagen.be\/fr\/wp-json\/wp\/v2\/pages\/6295\/revisions"}],"predecessor-version":[{"id":10548,"href":"https:\/\/www.werktuigendagen.be\/fr\/wp-json\/wp\/v2\/pages\/6295\/revisions\/10548"}],"wp:attachment":[{"href":"https:\/\/www.werktuigendagen.be\/fr\/wp-json\/wp\/v2\/media?parent=6295"}],"curies":[{"name":"wp","href":"https:\/\/api.w.org\/{rel}","templated":true}]}}