{"id":5946,"date":"2022-03-11T12:18:25","date_gmt":"2022-03-11T12:18:25","guid":{"rendered":"https:\/\/www.werktuigendagen.be\/?page_id=5946"},"modified":"2025-01-09T14:46:21","modified_gmt":"2025-01-09T14:46:21","slug":"contact","status":"publish","type":"page","link":"https:\/\/www.werktuigendagen.be\/fr\/contact\/","title":{"rendered":"Contact"},"content":{"rendered":"\t\t<div data-elementor-type=\"wp-page\" data-elementor-id=\"5946\" class=\"elementor elementor-5946\" data-elementor-post-type=\"page\">\n\t\t\t\t\t\t<section class=\"elementor-section elementor-top-section elementor-element elementor-element-8f6c384 elementor-section-boxed elementor-section-height-default elementor-section-height-default\" data-id=\"8f6c384\" data-element_type=\"section\" data-e-type=\"section\">\n\t\t\t\t\t\t<div class=\"elementor-container elementor-column-gap-default\">\n\t\t\t\t\t<div class=\"elementor-column elementor-col-33 elementor-top-column elementor-element elementor-element-2a8a92c\" data-id=\"2a8a92c\" data-element_type=\"column\" data-e-type=\"column\">\n\t\t\t<div class=\"elementor-widget-wrap elementor-element-populated\">\n\t\t\t\t\t\t<div class=\"elementor-element elementor-element-9e012bf elementor-widget elementor-widget-heading\" data-id=\"9e012bf\" data-element_type=\"widget\" data-e-type=\"widget\" data-widget_type=\"heading.default\">\n\t\t\t\t<div class=\"elementor-widget-container\">\n\t\t\t\t\t<h3 class=\"elementor-heading-title elementor-size-default\">AgriBevents vzw<\/h3>\t\t\t\t<\/div>\n\t\t\t\t<\/div>\n\t\t\t\t<div class=\"elementor-element elementor-element-da93baa elementor-widget elementor-widget-text-editor\" data-id=\"da93baa\" data-element_type=\"widget\" data-e-type=\"widget\" data-widget_type=\"text-editor.default\">\n\t\t\t\t<div class=\"elementor-widget-container\">\n\t\t\t\t\t\t\t\t\t<p>AgriBevents vzw staat klaar voor al je praktische vragen als standhouder, school of bezoeker. Contacteer ons via telefoon, e-mail of via het contactformulier.\u00a0<\/p>\t\t\t\t\t\t\t\t<\/div>\n\t\t\t\t<\/div>\n\t\t\t\t<div class=\"elementor-element elementor-element-3add7d3 elementor-icon-list--layout-traditional elementor-list-item-link-full_width elementor-widget elementor-widget-icon-list\" data-id=\"3add7d3\" data-element_type=\"widget\" data-e-type=\"widget\" data-widget_type=\"icon-list.default\">\n\t\t\t\t<div class=\"elementor-widget-container\">\n\t\t\t\t\t\t\t<ul class=\"elementor-icon-list-items\">\n\t\t\t\t\t\t\t<li class=\"elementor-icon-list-item\">\n\t\t\t\t\t\t\t\t\t\t\t<a href=\"https:\/\/www.google.com\/maps\/dir\/\/Geeneinde+54,+2381+Ravels\/@51.3981663,4.9575696,17z\/data=!4m9!4m8!1m0!1m5!1m1!1s0x47c6b08840b3d8a1:0x7360e13730504c47!2m2!1d4.9597583!2d51.3981663!3e0\" target=\"_blank\">\n\n\t\t\t\t\t\t\t\t\t\t\t\t<span class=\"elementor-icon-list-icon\">\n\t\t\t\t\t\t\t<svg xmlns=\"http:\/\/www.w3.org\/2000\/svg\" width=\"31\" height=\"44.001\" viewBox=\"0 0 31 44.001\"><path id=\"icon\" d=\"M553.6,61.808l-6.583-2.917-5.674,2.51a1.656,1.656,0,0,1-1.865-.355,1.633,1.633,0,0,1-.312-1.861l4.994-10.517a1.1,1.1,0,1,1,1.971.986L541.785,58.8l4.32-1.915a2.23,2.23,0,0,1,1.806,0l6.583,2.917h.012l6.584-2.917a2.226,2.226,0,0,1,1.8,0l4.32,1.915-4.343-9.148a1.1,1.1,0,0,1,.176-1.275,1.107,1.107,0,0,1,1.8.291l4.994,10.517a1.631,1.631,0,0,1-.313,1.86,1.652,1.652,0,0,1-1.863.356L562,58.891,555.4,61.808a2.233,2.233,0,0,1-1.806,0Zm-1.947-7.6L542.1,38.282l-.034-.063a13.944,13.944,0,1,1,26.391-6.326,13.686,13.686,0,0,1-1.528,6.326l-.034.063-9.547,15.926a3.327,3.327,0,0,1-5.7,0ZM554.333,20.2A11.784,11.784,0,0,0,542.747,31.82a11.526,11.526,0,0,0,1.269,5.367l9.528,15.895a1.115,1.115,0,0,0,1.911,0l9.528-15.895a11.664,11.664,0,0,0-2.231-13.624,11.693,11.693,0,0,0-8.247-3.369Zm-4.883,11.7a5.051,5.051,0,1,1,5.051,5.026A5.045,5.045,0,0,1,549.449,31.892Zm2.206,0a2.844,2.844,0,1,0,2.845-2.831A2.842,2.842,0,0,0,551.655,31.892Z\" transform=\"translate(-539 -17.997)\" fill=\"#348e38\"><\/path><\/svg>\t\t\t\t\t\t<\/span>\n\t\t\t\t\t\t\t\t\t\t<span class=\"elementor-icon-list-text\">Kortrijksesteenweg 1144k<br \/>B-9051 Sint-Denijs-Westrem<\/span>\n\t\t\t\t\t\t\t\t\t\t\t<\/a>\n\t\t\t\t\t\t\t\t\t<\/li>\n\t\t\t\t\t\t<\/ul>\n\t\t\t\t\t\t<\/div>\n\t\t\t\t<\/div>\n\t\t\t\t<div class=\"elementor-element elementor-element-2fd4110 elementor-icon-list--layout-traditional elementor-list-item-link-full_width elementor-widget elementor-widget-icon-list\" data-id=\"2fd4110\" data-element_type=\"widget\" data-e-type=\"widget\" data-widget_type=\"icon-list.default\">\n\t\t\t\t<div class=\"elementor-widget-container\">\n\t\t\t\t\t\t\t<ul class=\"elementor-icon-list-items\">\n\t\t\t\t\t\t\t<li class=\"elementor-icon-list-item\">\n\t\t\t\t\t\t\t\t\t\t\t<a href=\"tel:+3292453613\">\n\n\t\t\t\t\t\t\t\t\t\t\t\t<span class=\"elementor-icon-list-icon\">\n\t\t\t\t\t\t\t<svg xmlns=\"http:\/\/www.w3.org\/2000\/svg\" width=\"37.001\" height=\"44\" viewBox=\"0 0 37.001 44\"><path id=\"icon\" d=\"M949.441,57a5.06,5.06,0,1,1,5.059,5A5.033,5.033,0,0,1,949.441,57Zm1.975,0a3.085,3.085,0,1,0,3.084-3.046A3.068,3.068,0,0,0,951.415,57Zm11.466-11.336a5.06,5.06,0,1,1,5.059,4.995A5.033,5.033,0,0,1,962.881,45.667Zm1.975,0a3.085,3.085,0,1,0,3.084-3.046A3.069,3.069,0,0,0,964.856,45.667Zm-15.415,0a5.06,5.06,0,1,1,5.059,4.995A5.033,5.033,0,0,1,949.441,45.667Zm1.975,0a3.085,3.085,0,1,0,3.084-3.046A3.068,3.068,0,0,0,951.415,45.667Zm-15.416,0a5.06,5.06,0,1,1,5.06,4.995A5.033,5.033,0,0,1,936,45.667Zm1.975,0a3.085,3.085,0,1,0,3.084-3.046A3.068,3.068,0,0,0,937.975,45.667Zm24.907-11.336a5.06,5.06,0,1,1,5.059,5A5.033,5.033,0,0,1,962.881,34.331Zm1.975,0a3.085,3.085,0,1,0,3.084-3.045A3.068,3.068,0,0,0,964.856,34.33Zm-15.415,0a5.06,5.06,0,1,1,5.059,5A5.033,5.033,0,0,1,949.441,34.331Zm1.975,0a3.085,3.085,0,1,0,3.084-3.045A3.068,3.068,0,0,0,951.415,34.33Zm-15.416,0a5.06,5.06,0,1,1,5.06,5A5.034,5.034,0,0,1,936,34.331Zm1.975,0a3.085,3.085,0,1,0,3.084-3.045A3.068,3.068,0,0,0,937.975,34.33Zm24.907-11.336a5.06,5.06,0,1,1,5.059,5A5.034,5.034,0,0,1,962.881,22.994Zm1.975,0a3.085,3.085,0,1,0,3.084-3.046A3.069,3.069,0,0,0,964.856,22.994Zm-15.415,0a5.06,5.06,0,1,1,5.059,5A5.034,5.034,0,0,1,949.441,22.994Zm1.975,0a3.085,3.085,0,1,0,3.084-3.046A3.068,3.068,0,0,0,951.415,22.994Zm-15.416,0a5.06,5.06,0,1,1,5.06,5A5.034,5.034,0,0,1,936,22.994Zm1.975,0a3.085,3.085,0,1,0,3.084-3.046A3.068,3.068,0,0,0,937.975,22.994Z\" transform=\"translate(-935.999 -17.998)\" fill=\"#348e38\"><\/path><\/svg>\t\t\t\t\t\t<\/span>\n\t\t\t\t\t\t\t\t\t\t<span class=\"elementor-icon-list-text\"><strong>Telefoon<\/strong><br \/>+32 9 245 36 13<\/span>\n\t\t\t\t\t\t\t\t\t\t\t<\/a>\n\t\t\t\t\t\t\t\t\t<\/li>\n\t\t\t\t\t\t<\/ul>\n\t\t\t\t\t\t<\/div>\n\t\t\t\t<\/div>\n\t\t\t\t<div class=\"elementor-element elementor-element-a3cec87 elementor-icon-list--layout-traditional elementor-list-item-link-full_width elementor-widget elementor-widget-icon-list\" data-id=\"a3cec87\" data-element_type=\"widget\" data-e-type=\"widget\" data-widget_type=\"icon-list.default\">\n\t\t\t\t<div class=\"elementor-widget-container\">\n\t\t\t\t\t\t\t<ul class=\"elementor-icon-list-items\">\n\t\t\t\t\t\t\t<li class=\"elementor-icon-list-item\">\n\t\t\t\t\t\t\t\t\t\t\t<a href=\"mailto:info@werktuigendagen.be\">\n\n\t\t\t\t\t\t\t\t\t\t\t\t<span class=\"elementor-icon-list-icon\">\n\t\t\t\t\t\t\t<svg xmlns=\"http:\/\/www.w3.org\/2000\/svg\" width=\"36.999\" height=\"34.001\" viewBox=\"0 0 36.999 34.001\"><path id=\"icon\" d=\"M1333.976,57a.961.961,0,0,1-.67-.273.93.93,0,0,1-.278-.659l-.028-20.2c0-.006,0-.011,0-.017a.927.927,0,0,1,.409-.753l5.322-3.617V27.643a.94.94,0,0,1,.948-.931h6.066l5.218-3.546a.956.956,0,0,1,1.079,0l5.185,3.545h6.093a.94.94,0,0,1,.948.931v3.882l5.3,3.621a.937.937,0,0,1,.373.519.514.514,0,0,1,.033.184L1370,56.019a.94.94,0,0,1-.946.933L1333.976,57Zm2.773-1.868,29.478-.041-14.712-11.223Zm-1.828-.965,11.443-8.729L1334.9,37.644Zm21.72-8.747,11.461,8.744-.022-16.565Zm-16.014-6.149,7.308,4.969,3-2.289a.963.963,0,0,1,1.149-.008l.013.008,2.977,2.272,7.3-4.992V28.574h-21.746Zm-5.013-3.407,3.118,2.12V33.745Zm28.654,2.071,3.028-2.07-3.028-2.07Zm-15.188-11.223h4.828l-2.407-1.646Zm-4,12.3a.932.932,0,1,1,0-1.864h12.83a.932.932,0,1,1,0,1.864Zm0-4.846a.933.933,0,1,1,0-1.865h12.83a.933.933,0,1,1,0,1.865Z\" transform=\"translate(-1333 -22.999)\" fill=\"#348e38\"><\/path><\/svg>\t\t\t\t\t\t<\/span>\n\t\t\t\t\t\t\t\t\t\t<span class=\"elementor-icon-list-text\"><strong>E-mail<\/strong><br \/>info@werktuigendagen.be<\/span>\n\t\t\t\t\t\t\t\t\t\t\t<\/a>\n\t\t\t\t\t\t\t\t\t<\/li>\n\t\t\t\t\t\t<\/ul>\n\t\t\t\t\t\t<\/div>\n\t\t\t\t<\/div>\n\t\t\t\t<div class=\"elementor-element elementor-element-ecdd908 elementor-widget elementor-widget-shortcode\" data-id=\"ecdd908\" data-element_type=\"widget\" data-e-type=\"widget\" data-widget_type=\"shortcode.default\">\n\t\t\t\t<div class=\"elementor-widget-container\">\n\t\t\t\t\t\t\t<div class=\"elementor-shortcode\"><div class=\"sponsor-level1\">\n\t<div class=\"sponsor-level1-inner\">\n\t<h5>Hoofdsponsor<\/h5><div class=\"sponsor-level1-logo\">\n\t\t\t<a href=\"https:\/\/www.kbc.be\/ondernemen\/nl\/specifieke-sectoren\/landbouw-en-tuinbouw\/agro.html\" target=\"_blank\"><img decoding=\"async\" src=\"https:\/\/www.werktuigendagen.be\/wp-content\/uploads\/2023\/08\/KBC.svg\"><\/a>\n\t\t<\/div><\/div>\n<\/div><\/div>\n\t\t\t\t\t\t<\/div>\n\t\t\t\t<\/div>\n\t\t\t\t\t<\/div>\n\t\t<\/div>\n\t\t\t\t<div class=\"elementor-column elementor-col-66 elementor-top-column elementor-element elementor-element-0d3ef15\" data-id=\"0d3ef15\" data-element_type=\"column\" data-e-type=\"column\">\n\t\t\t<div class=\"elementor-widget-wrap elementor-element-populated\">\n\t\t\t\t\t\t<section class=\"elementor-section elementor-inner-section elementor-element elementor-element-cc46d4c elementor-section-boxed elementor-section-height-default elementor-section-height-default\" data-id=\"cc46d4c\" data-element_type=\"section\" data-e-type=\"section\">\n\t\t\t\t\t\t<div class=\"elementor-container elementor-column-gap-no\">\n\t\t\t\t\t<div class=\"elementor-column elementor-col-100 elementor-inner-column elementor-element elementor-element-f04514a\" data-id=\"f04514a\" data-element_type=\"column\" data-e-type=\"column\">\n\t\t\t<div class=\"elementor-widget-wrap elementor-element-populated\">\n\t\t\t\t\t\t<div class=\"elementor-element elementor-element-da77bb7 elementor-widget elementor-widget-heading\" data-id=\"da77bb7\" data-element_type=\"widget\" data-e-type=\"widget\" data-widget_type=\"heading.default\">\n\t\t\t\t<div class=\"elementor-widget-container\">\n\t\t\t\t\t<h4 class=\"elementor-heading-title elementor-size-default\">Contactformulier<\/h4>\t\t\t\t<\/div>\n\t\t\t\t<\/div>\n\t\t\t\t<div class=\"elementor-element elementor-element-b40956d elementor-button-align-stretch elementor-widget elementor-widget-form\" data-id=\"b40956d\" data-element_type=\"widget\" data-e-type=\"widget\" data-settings=\"{&quot;step_next_label&quot;:&quot;Next&quot;,&quot;step_previous_label&quot;:&quot;Previous&quot;,&quot;button_width&quot;:&quot;100&quot;,&quot;step_type&quot;:&quot;number_text&quot;,&quot;step_icon_shape&quot;:&quot;circle&quot;}\" data-widget_type=\"form.default\">\n\t\t\t\t<div class=\"elementor-widget-container\">\n\t\t\t\t\t\t\t<form class=\"elementor-form\" method=\"post\" name=\"Contactformulier\" aria-label=\"Contactformulier\">\n\t\t\t<input type=\"hidden\" name=\"post_id\" value=\"5946\"\/>\n\t\t\t<input type=\"hidden\" name=\"form_id\" value=\"b40956d\"\/>\n\t\t\t<input type=\"hidden\" name=\"referer_title\" value=\"Contact - Werktuigendagen\" \/>\n\n\t\t\t\t\t\t\t<input type=\"hidden\" name=\"queried_id\" value=\"5946\"\/>\n\t\t\t\n\t\t\t<div class=\"elementor-form-fields-wrapper elementor-labels-above\">\n\t\t\t\t\t\t\t\t<div class=\"elementor-field-type-text elementor-field-group elementor-column elementor-field-group-name elementor-col-50 elementor-field-required\">\n\t\t\t\t\t\t\t\t\t\t\t\t\t<input size=\"1\" type=\"text\" name=\"form_fields[name]\" id=\"form-field-name\" class=\"elementor-field elementor-size-sm  elementor-field-textual\" placeholder=\"Naam*\" required=\"required\">\n\t\t\t\t\t\t\t\t\t\t\t<\/div>\n\t\t\t\t\t\t\t\t<div class=\"elementor-field-type-text elementor-field-group elementor-column elementor-field-group-field_e32392d elementor-col-50\">\n\t\t\t\t\t\t\t\t\t\t\t\t\t<input size=\"1\" type=\"text\" name=\"form_fields[field_e32392d]\" id=\"form-field-field_e32392d\" class=\"elementor-field elementor-size-sm  elementor-field-textual\" placeholder=\"Bedrijfsnaam\">\n\t\t\t\t\t\t\t\t\t\t\t<\/div>\n\t\t\t\t\t\t\t\t<div class=\"elementor-field-type-email elementor-field-group elementor-column elementor-field-group-email elementor-col-50 elementor-field-required\">\n\t\t\t\t\t\t\t\t\t\t\t\t\t<input size=\"1\" type=\"email\" name=\"form_fields[email]\" id=\"form-field-email\" class=\"elementor-field elementor-size-sm  elementor-field-textual\" placeholder=\"Email*\" required=\"required\">\n\t\t\t\t\t\t\t\t\t\t\t<\/div>\n\t\t\t\t\t\t\t\t<div class=\"elementor-field-type-text elementor-field-group elementor-column elementor-field-group-field_7effd80 elementor-col-50\">\n\t\t\t\t\t\t\t\t\t\t\t\t\t<input size=\"1\" type=\"text\" name=\"form_fields[field_7effd80]\" id=\"form-field-field_7effd80\" class=\"elementor-field elementor-size-sm  elementor-field-textual\" placeholder=\"Telefoon\">\n\t\t\t\t\t\t\t\t\t\t\t<\/div>\n\t\t\t\t\t\t\t\t<div class=\"elementor-field-type-textarea elementor-field-group elementor-column elementor-field-group-message elementor-col-100\">\n\t\t\t\t\t<textarea class=\"elementor-field-textual elementor-field  elementor-size-sm\" name=\"form_fields[message]\" id=\"form-field-message\" rows=\"4\" placeholder=\"Bericht\"><\/textarea>\t\t\t\t<\/div>\n\t\t\t\t\t\t\t\t<div class=\"elementor-field-type-recaptcha_v3 elementor-field-group elementor-column elementor-field-group-field_c29ad0e elementor-col-100 recaptcha_v3-bottomright\">\n\t\t\t\t\t<div class=\"elementor-field\" id=\"form-field-field_c29ad0e\"><div class=\"elementor-g-recaptcha\" data-sitekey=\"6LdVx7IqAAAAAMOwls2obmzz68HbG1pT7pV5sHHu\" data-type=\"v3\" data-action=\"Form\" data-badge=\"bottomright\" data-size=\"invisible\"><\/div><\/div>\t\t\t\t<\/div>\n\t\t\t\t\t\t\t\t<div class=\"elementor-field-group elementor-column elementor-field-type-submit elementor-col-100 e-form__buttons\">\n\t\t\t\t\t<button class=\"elementor-button elementor-size-sm\" type=\"submit\">\n\t\t\t\t\t\t<span class=\"elementor-button-content-wrapper\">\n\t\t\t\t\t\t\t\t\t\t\t\t\t\t\t\t\t\t\t\t\t\t<span class=\"elementor-button-text\">Verzenden<\/span>\n\t\t\t\t\t\t\t\t\t\t\t\t\t<\/span>\n\t\t\t\t\t<\/button>\n\t\t\t\t<\/div>\n\t\t\t<\/div>\n\t\t<\/form>\n\t\t\t\t\t\t<\/div>\n\t\t\t\t<\/div>\n\t\t\t\t\t<\/div>\n\t\t<\/div>\n\t\t\t\t\t<\/div>\n\t\t<\/section>\n\t\t\t\t\t<\/div>\n\t\t<\/div>\n\t\t\t\t\t<\/div>\n\t\t<\/section>\n\t\t\t\t<section class=\"elementor-section elementor-top-section elementor-element elementor-element-ddd0c07 elementor-section-full_width elementor-section-height-default elementor-section-height-default\" data-id=\"ddd0c07\" data-element_type=\"section\" data-e-type=\"section\">\n\t\t\t\t\t\t<div class=\"elementor-container elementor-column-gap-no\">\n\t\t\t\t\t<div class=\"elementor-column elementor-col-100 elementor-top-column elementor-element elementor-element-9e883ab\" data-id=\"9e883ab\" data-element_type=\"column\" data-e-type=\"column\">\n\t\t\t<div class=\"elementor-widget-wrap elementor-element-populated\">\n\t\t\t\t\t\t<div class=\"elementor-element elementor-element-5a7c4e4 elementor-widget elementor-widget-google_maps\" data-id=\"5a7c4e4\" data-element_type=\"widget\" data-e-type=\"widget\" data-widget_type=\"google_maps.default\">\n\t\t\t\t<div class=\"elementor-widget-container\">\n\t\t\t\t\t\t\t<div class=\"elementor-custom-embed\">\n\t\t\t<iframe loading=\"lazy\"\n\t\t\t\t\tsrc=\"https:\/\/maps.google.com\/maps?q=flanders%20expo&#038;t=m&#038;z=11&#038;output=embed&#038;iwloc=near\"\n\t\t\t\t\ttitle=\"flanders expo\"\n\t\t\t\t\taria-label=\"flanders expo\"\n\t\t\t><\/iframe>\n\t\t<\/div>\n\t\t\t\t\t\t<\/div>\n\t\t\t\t<\/div>\n\t\t\t\t\t<\/div>\n\t\t<\/div>\n\t\t\t\t\t<\/div>\n\t\t<\/section>\n\t\t\t\t<\/div>\n\t\t","protected":false},"excerpt":{"rendered":"<p>AgriBevents asbl AgriBevents asbl est pr\u00eate \u00e0 r\u00e9pondre \u00e0 toutes vos questions pratiques en tant qu&#039;exposant, \u00e9cole ou visiteur. Contactez-nous par t\u00e9l\u00e9phone, e-mail ou via le formulaire de contact. Kortrijksesteenweg 1144kB-9051 Sint-Denijs-Westrem T\u00e9l\u00e9phone+32 9 245 36 13 E-mailinfo@werktuigendagen.be Formulaire de contact<\/p>","protected":false},"author":1,"featured_media":6049,"parent":0,"menu_order":6,"comment_status":"closed","ping_status":"closed","template":"elementor_header_footer","meta":{"_acf_changed":false,"inline_featured_image":false,"footnotes":""},"class_list":["post-5946","page","type-page","status-publish","has-post-thumbnail","hentry"],"acf":[],"yoast_head":"<!-- This site is optimized with the Yoast SEO plugin v27.1.1 - https:\/\/yoast.com\/product\/yoast-seo-wordpress\/ -->\n<title>Contact - Werktuigendagen<\/title>\n<meta name=\"robots\" content=\"index, follow, max-snippet:-1, max-image-preview:large, max-video-preview:-1\" \/>\n<link rel=\"canonical\" href=\"https:\/\/www.werktuigendagen.be\/fr\/contact\/\" \/>\n<meta property=\"og:locale\" content=\"fr_FR\" \/>\n<meta property=\"og:type\" content=\"article\" \/>\n<meta property=\"og:title\" content=\"Contact - Werktuigendagen\" \/>\n<meta property=\"og:description\" content=\"AgriBevents vzw AgriBevents vzw staat klaar voor al je praktische vragen als standhouder, school of bezoeker. Contacteer ons via telefoon, e-mail of via het contactformulier.\u00a0 Kortrijksesteenweg 1144kB-9051 Sint-Denijs-Westrem Telefoon+32 9 245 36 13 E-mailinfo@werktuigendagen.be Contactformulier\" \/>\n<meta property=\"og:url\" content=\"https:\/\/www.werktuigendagen.be\/fr\/contact\/\" \/>\n<meta property=\"og:site_name\" content=\"Werktuigendagen\" \/>\n<meta property=\"article:modified_time\" content=\"2025-01-09T14:46:21+00:00\" \/>\n<meta property=\"og:image\" content=\"https:\/\/www.werktuigendagen.be\/wp-content\/uploads\/2022\/03\/banner-01-scaled.jpg\" \/>\n\t<meta property=\"og:image:width\" content=\"2048\" \/>\n\t<meta property=\"og:image:height\" content=\"381\" \/>\n\t<meta property=\"og:image:type\" content=\"image\/jpeg\" \/>\n<meta name=\"twitter:card\" content=\"summary_large_image\" \/>\n<meta name=\"twitter:label1\" content=\"Dur\u00e9e de lecture est.\" \/>\n\t<meta name=\"twitter:data1\" content=\"1 minute\" \/>\n<script type=\"application\/ld+json\" class=\"yoast-schema-graph\">{\"@context\":\"https:\/\/schema.org\",\"@graph\":[{\"@type\":\"WebPage\",\"@id\":\"https:\/\/www.werktuigendagen.be\/nl\/contact\/\",\"url\":\"https:\/\/www.werktuigendagen.be\/nl\/contact\/\",\"name\":\"Contact - Werktuigendagen\",\"isPartOf\":{\"@id\":\"https:\/\/www.werktuigendagen.be\/nl\/#website\"},\"primaryImageOfPage\":{\"@id\":\"https:\/\/www.werktuigendagen.be\/nl\/contact\/#primaryimage\"},\"image\":{\"@id\":\"https:\/\/www.werktuigendagen.be\/nl\/contact\/#primaryimage\"},\"thumbnailUrl\":\"https:\/\/www.werktuigendagen.be\/wp-content\/uploads\/2022\/03\/banner-01-scaled.jpg\",\"datePublished\":\"2022-03-11T12:18:25+00:00\",\"dateModified\":\"2025-01-09T14:46:21+00:00\",\"breadcrumb\":{\"@id\":\"https:\/\/www.werktuigendagen.be\/nl\/contact\/#breadcrumb\"},\"inLanguage\":\"fr-BE\",\"potentialAction\":[{\"@type\":\"ReadAction\",\"target\":[\"https:\/\/www.werktuigendagen.be\/nl\/contact\/\"]}]},{\"@type\":\"ImageObject\",\"inLanguage\":\"fr-BE\",\"@id\":\"https:\/\/www.werktuigendagen.be\/nl\/contact\/#primaryimage\",\"url\":\"https:\/\/www.werktuigendagen.be\/wp-content\/uploads\/2022\/03\/banner-01-scaled.jpg\",\"contentUrl\":\"https:\/\/www.werktuigendagen.be\/wp-content\/uploads\/2022\/03\/banner-01-scaled.jpg\",\"width\":2048,\"height\":381},{\"@type\":\"BreadcrumbList\",\"@id\":\"https:\/\/www.werktuigendagen.be\/nl\/contact\/#breadcrumb\",\"itemListElement\":[{\"@type\":\"ListItem\",\"position\":1,\"name\":\"Home\",\"item\":\"https:\/\/www.werktuigendagen.be\/nl\/\"},{\"@type\":\"ListItem\",\"position\":2,\"name\":\"Contact\"}]},{\"@type\":\"WebSite\",\"@id\":\"https:\/\/www.werktuigendagen.be\/nl\/#website\",\"url\":\"https:\/\/www.werktuigendagen.be\/nl\/\",\"name\":\"Werktuigendagen\",\"description\":\"Vakbeurs voor landbouwmechanisatie\",\"potentialAction\":[{\"@type\":\"SearchAction\",\"target\":{\"@type\":\"EntryPoint\",\"urlTemplate\":\"https:\/\/www.werktuigendagen.be\/nl\/?s={search_term_string}\"},\"query-input\":{\"@type\":\"PropertyValueSpecification\",\"valueRequired\":true,\"valueName\":\"search_term_string\"}}],\"inLanguage\":\"fr-BE\"}]}<\/script>\n<!-- \/ Yoast SEO plugin. -->","yoast_head_json":{"title":"Contact - Werktuigendagen","robots":{"index":"index","follow":"follow","max-snippet":"max-snippet:-1","max-image-preview":"max-image-preview:large","max-video-preview":"max-video-preview:-1"},"canonical":"https:\/\/www.werktuigendagen.be\/fr\/contact\/","og_locale":"fr_FR","og_type":"article","og_title":"Contact - Werktuigendagen","og_description":"AgriBevents vzw AgriBevents vzw staat klaar voor al je praktische vragen als standhouder, school of bezoeker. Contacteer ons via telefoon, e-mail of via het contactformulier.\u00a0 Kortrijksesteenweg 1144kB-9051 Sint-Denijs-Westrem Telefoon+32 9 245 36 13 E-mailinfo@werktuigendagen.be Contactformulier","og_url":"https:\/\/www.werktuigendagen.be\/fr\/contact\/","og_site_name":"Werktuigendagen","article_modified_time":"2025-01-09T14:46:21+00:00","og_image":[{"width":2048,"height":381,"url":"https:\/\/www.werktuigendagen.be\/wp-content\/uploads\/2022\/03\/banner-01-scaled.jpg","type":"image\/jpeg"}],"twitter_card":"summary_large_image","twitter_misc":{"Dur\u00e9e de lecture est.":"1 minute"},"schema":{"@context":"https:\/\/schema.org","@graph":[{"@type":"WebPage","@id":"https:\/\/www.werktuigendagen.be\/nl\/contact\/","url":"https:\/\/www.werktuigendagen.be\/nl\/contact\/","name":"Contact - Werktuigendagen","isPartOf":{"@id":"https:\/\/www.werktuigendagen.be\/nl\/#website"},"primaryImageOfPage":{"@id":"https:\/\/www.werktuigendagen.be\/nl\/contact\/#primaryimage"},"image":{"@id":"https:\/\/www.werktuigendagen.be\/nl\/contact\/#primaryimage"},"thumbnailUrl":"https:\/\/www.werktuigendagen.be\/wp-content\/uploads\/2022\/03\/banner-01-scaled.jpg","datePublished":"2022-03-11T12:18:25+00:00","dateModified":"2025-01-09T14:46:21+00:00","breadcrumb":{"@id":"https:\/\/www.werktuigendagen.be\/nl\/contact\/#breadcrumb"},"inLanguage":"fr-BE","potentialAction":[{"@type":"ReadAction","target":["https:\/\/www.werktuigendagen.be\/nl\/contact\/"]}]},{"@type":"ImageObject","inLanguage":"fr-BE","@id":"https:\/\/www.werktuigendagen.be\/nl\/contact\/#primaryimage","url":"https:\/\/www.werktuigendagen.be\/wp-content\/uploads\/2022\/03\/banner-01-scaled.jpg","contentUrl":"https:\/\/www.werktuigendagen.be\/wp-content\/uploads\/2022\/03\/banner-01-scaled.jpg","width":2048,"height":381},{"@type":"BreadcrumbList","@id":"https:\/\/www.werktuigendagen.be\/nl\/contact\/#breadcrumb","itemListElement":[{"@type":"ListItem","position":1,"name":"Home","item":"https:\/\/www.werktuigendagen.be\/nl\/"},{"@type":"ListItem","position":2,"name":"Contact"}]},{"@type":"WebSite","@id":"https:\/\/www.werktuigendagen.be\/nl\/#website","url":"https:\/\/www.werktuigendagen.be\/nl\/","name":"Werktuigendagen","description":"Salon de la m\u00e9canisation agricole","potentialAction":[{"@type":"SearchAction","target":{"@type":"EntryPoint","urlTemplate":"https:\/\/www.werktuigendagen.be\/nl\/?s={search_term_string}"},"query-input":{"@type":"PropertyValueSpecification","valueRequired":true,"valueName":"search_term_string"}}],"inLanguage":"fr-BE"}]}},"_links":{"self":[{"href":"https:\/\/www.werktuigendagen.be\/fr\/wp-json\/wp\/v2\/pages\/5946","targetHints":{"allow":["GET"]}}],"collection":[{"href":"https:\/\/www.werktuigendagen.be\/fr\/wp-json\/wp\/v2\/pages"}],"about":[{"href":"https:\/\/www.werktuigendagen.be\/fr\/wp-json\/wp\/v2\/types\/page"}],"author":[{"embeddable":true,"href":"https:\/\/www.werktuigendagen.be\/fr\/wp-json\/wp\/v2\/users\/1"}],"replies":[{"embeddable":true,"href":"https:\/\/www.werktuigendagen.be\/fr\/wp-json\/wp\/v2\/comments?post=5946"}],"version-history":[{"count":0,"href":"https:\/\/www.werktuigendagen.be\/fr\/wp-json\/wp\/v2\/pages\/5946\/revisions"}],"wp:featuredmedia":[{"embeddable":true,"href":"https:\/\/www.werktuigendagen.be\/fr\/wp-json\/wp\/v2\/media\/6049"}],"wp:attachment":[{"href":"https:\/\/www.werktuigendagen.be\/fr\/wp-json\/wp\/v2\/media?parent=5946"}],"curies":[{"name":"wp","href":"https:\/\/api.w.org\/{rel}","templated":true}]}}