{"id":5942,"date":"2022-03-11T12:18:03","date_gmt":"2022-03-11T12:18:03","guid":{"rendered":"https:\/\/www.werktuigendagen.be\/?page_id=5942"},"modified":"2022-10-05T21:00:02","modified_gmt":"2022-10-05T21:00:02","slug":"pers","status":"publish","type":"page","link":"https:\/\/www.werktuigendagen.be\/fr\/pers\/","title":{"rendered":"Presse"},"content":{"rendered":"<div data-elementor-type=\"wp-page\" data-elementor-id=\"5942\" class=\"elementor elementor-5942\" data-elementor-post-type=\"page\">\n\t\t\t\t\t\t<section class=\"elementor-section elementor-top-section elementor-element elementor-element-c98f753 elementor-section-boxed elementor-section-height-default elementor-section-height-default\" data-id=\"c98f753\" data-element_type=\"section\" data-e-type=\"section\">\n\t\t\t\t\t\t<div class=\"elementor-container elementor-column-gap-default\">\n\t\t\t\t\t<div class=\"elementor-column elementor-col-100 elementor-top-column elementor-element elementor-element-846b512\" data-id=\"846b512\" data-element_type=\"column\" data-e-type=\"column\">\n\t\t\t<div class=\"elementor-widget-wrap elementor-element-populated\">\n\t\t\t\t\t\t<div class=\"elementor-element elementor-element-19f746a elementor-widget elementor-widget-heading\" data-id=\"19f746a\" data-element_type=\"widget\" data-e-type=\"widget\" data-widget_type=\"heading.default\">\n\t\t\t\t<div class=\"elementor-widget-container\">\n\t\t\t\t\t<h2 class=\"elementor-heading-title elementor-size-default\">Informations pratiques<\/h2>\t\t\t\t<\/div>\n\t\t\t\t<\/div>\n\t\t\t\t\t<\/div>\n\t\t<\/div>\n\t\t\t\t\t<\/div>\n\t\t<\/section>\n\t\t\t\t<section class=\"elementor-section elementor-top-section elementor-element elementor-element-346cfda elementor-section-boxed elementor-section-height-default elementor-section-height-default\" data-id=\"346cfda\" data-element_type=\"section\" data-e-type=\"section\">\n\t\t\t\t\t\t<div class=\"elementor-container elementor-column-gap-default\">\n\t\t\t\t\t<div class=\"elementor-column elementor-col-100 elementor-top-column elementor-element elementor-element-b47688f\" data-id=\"b47688f\" data-element_type=\"column\" data-e-type=\"column\">\n\t\t\t<div class=\"elementor-widget-wrap elementor-element-populated\">\n\t\t\t\t\t\t<div class=\"elementor-element elementor-element-80e3220 elementor-widget elementor-widget-heading\" data-id=\"80e3220\" data-element_type=\"widget\" data-e-type=\"widget\" data-widget_type=\"heading.default\">\n\t\t\t\t<div class=\"elementor-widget-container\">\n\t\t\t\t\t<h3 class=\"elementor-heading-title elementor-size-default\">Accr\u00e9ditations<\/h3>\t\t\t\t<\/div>\n\t\t\t\t<\/div>\n\t\t\t\t<div class=\"elementor-element elementor-element-5505cec elementor-widget elementor-widget-text-editor\" data-id=\"5505cec\" data-element_type=\"widget\" data-e-type=\"widget\" data-widget_type=\"text-editor.default\">\n\t\t\t\t<div class=\"elementor-widget-container\">\n\t\t\t\t\t\t\t\t\t<div class=\"main\" role=\"main\"><div class=\"panel-pane pane-node-content\"><div class=\"pane-inner\"><div class=\"field field-name-body\"><p>Vous \u00eates journaliste et vous souhaitez visiter le Werktuigendagen ? Pas de probl\u00e8me, sur pr\u00e9sentation de votre carte de presse, vous pourrez entrer sur le terrain et vous garer sur le parking de l'organisation. Nous sommes \u00e9galement heureux de vous recevoir dans la tente du secr\u00e9tariat, situ\u00e9e \u00e0 c\u00f4t\u00e9 de 'P organisation'.<\/p><\/div><\/div><\/div><\/div><aside class=\"sidebar-first\"><div class=\"panel-pane pane-menu-tree pane-main-menu\"><div class=\"pane-inner\"><ul class=\"menu\"><li class=\"first last leaf active-trail active menu-mlid-2339\">\u00a0<\/li><\/ul><\/div><\/div><\/aside>\t\t\t\t\t\t\t\t<\/div>\n\t\t\t\t<\/div>\n\t\t\t\t\t<\/div>\n\t\t<\/div>\n\t\t\t\t\t<\/div>\n\t\t<\/section>\n\t\t\t\t<\/div>","protected":false},"excerpt":{"rendered":"<p>Informations pratiques Accr\u00e9ditations Vous \u00eates journaliste et souhaitez assister aux Tool Days ? Pas de probl\u00e8me, sur pr\u00e9sentation de votre carte de presse en cours de validit\u00e9 vous pourrez entrer dans l&#039;enceinte et vous garer sur le parking de l&#039;organisation. Nous souhaitons \u00e9galement vous accueillir dans la tente du secr\u00e9tariat, situ\u00e9e \u00e0 c\u00f4t\u00e9 de \u00ab l&#039;organisation P \u00bb. \u00a0<\/p>","protected":false},"author":1,"featured_media":0,"parent":0,"menu_order":4,"comment_status":"closed","ping_status":"closed","template":"elementor_header_footer","meta":{"_acf_changed":false,"inline_featured_image":false,"footnotes":""},"class_list":["post-5942","page","type-page","status-publish","hentry"],"acf":[],"yoast_head":"<!-- This site is optimized with the Yoast SEO plugin v27.1.1 - https:\/\/yoast.com\/product\/yoast-seo-wordpress\/ -->\n<title>Pers - Werktuigendagen<\/title>\n<meta name=\"robots\" content=\"index, follow, max-snippet:-1, max-image-preview:large, max-video-preview:-1\" \/>\n<link rel=\"canonical\" href=\"http:\/\/www.werktuigendagen.be\/fr\/pers\/\" \/>\n<meta property=\"og:locale\" content=\"fr_FR\" \/>\n<meta property=\"og:type\" content=\"article\" \/>\n<meta property=\"og:title\" content=\"Pers - Werktuigendagen\" \/>\n<meta property=\"og:description\" content=\"Praktische info Accreditaties Bent u journalist en wil u de Werktuigendagen bezoeken? Geen probleem, op vertoon van uw geldige perskaart kan u de terreinen betreden \u00e9n parkeren op de parking van de organisatie. Wij ontvangen u ook graag in de secretariaatstent, gelegen naast \u2018P organisatie\u2019. \u00a0\" \/>\n<meta property=\"og:url\" content=\"http:\/\/www.werktuigendagen.be\/fr\/pers\/\" \/>\n<meta property=\"og:site_name\" content=\"Werktuigendagen\" \/>\n<meta property=\"article:modified_time\" content=\"2022-10-05T21:00:02+00:00\" \/>\n<meta name=\"twitter:card\" content=\"summary_large_image\" \/>\n<meta name=\"twitter:label1\" content=\"Dur\u00e9e de lecture est.\" \/>\n\t<meta name=\"twitter:data1\" content=\"1 minute\" \/>\n<script type=\"application\/ld+json\" class=\"yoast-schema-graph\">{\"@context\":\"https:\/\/schema.org\",\"@graph\":[{\"@type\":\"WebPage\",\"@id\":\"http:\/\/www.werktuigendagen.be\/en\/pers\/\",\"url\":\"http:\/\/www.werktuigendagen.be\/en\/pers\/\",\"name\":\"Pers - Werktuigendagen\",\"isPartOf\":{\"@id\":\"https:\/\/www.werktuigendagen.be\/nl\/#website\"},\"datePublished\":\"2022-03-11T12:18:03+00:00\",\"dateModified\":\"2022-10-05T21:00:02+00:00\",\"breadcrumb\":{\"@id\":\"http:\/\/www.werktuigendagen.be\/en\/pers\/#breadcrumb\"},\"inLanguage\":\"fr-BE\",\"potentialAction\":[{\"@type\":\"ReadAction\",\"target\":[\"http:\/\/www.werktuigendagen.be\/en\/pers\/\"]}]},{\"@type\":\"BreadcrumbList\",\"@id\":\"http:\/\/www.werktuigendagen.be\/en\/pers\/#breadcrumb\",\"itemListElement\":[{\"@type\":\"ListItem\",\"position\":1,\"name\":\"Home\",\"item\":\"https:\/\/www.werktuigendagen.be\/nl\/\"},{\"@type\":\"ListItem\",\"position\":2,\"name\":\"Pers\"}]},{\"@type\":\"WebSite\",\"@id\":\"https:\/\/www.werktuigendagen.be\/nl\/#website\",\"url\":\"https:\/\/www.werktuigendagen.be\/nl\/\",\"name\":\"Werktuigendagen\",\"description\":\"Vakbeurs voor landbouwmechanisatie\",\"potentialAction\":[{\"@type\":\"SearchAction\",\"target\":{\"@type\":\"EntryPoint\",\"urlTemplate\":\"https:\/\/www.werktuigendagen.be\/nl\/?s={search_term_string}\"},\"query-input\":{\"@type\":\"PropertyValueSpecification\",\"valueRequired\":true,\"valueName\":\"search_term_string\"}}],\"inLanguage\":\"fr-BE\"}]}<\/script>\n<!-- \/ Yoast SEO plugin. -->","yoast_head_json":{"title":"Pers - Werktuigendagen","robots":{"index":"index","follow":"follow","max-snippet":"max-snippet:-1","max-image-preview":"max-image-preview:large","max-video-preview":"max-video-preview:-1"},"canonical":"http:\/\/www.werktuigendagen.be\/fr\/pers\/","og_locale":"fr_FR","og_type":"article","og_title":"Pers - Werktuigendagen","og_description":"Praktische info Accreditaties Bent u journalist en wil u de Werktuigendagen bezoeken? Geen probleem, op vertoon van uw geldige perskaart kan u de terreinen betreden \u00e9n parkeren op de parking van de organisatie. Wij ontvangen u ook graag in de secretariaatstent, gelegen naast \u2018P organisatie\u2019. \u00a0","og_url":"http:\/\/www.werktuigendagen.be\/fr\/pers\/","og_site_name":"Werktuigendagen","article_modified_time":"2022-10-05T21:00:02+00:00","twitter_card":"summary_large_image","twitter_misc":{"Dur\u00e9e de lecture est.":"1 minute"},"schema":{"@context":"https:\/\/schema.org","@graph":[{"@type":"WebPage","@id":"http:\/\/www.werktuigendagen.be\/en\/pers\/","url":"http:\/\/www.werktuigendagen.be\/en\/pers\/","name":"Pers - Werktuigendagen","isPartOf":{"@id":"https:\/\/www.werktuigendagen.be\/nl\/#website"},"datePublished":"2022-03-11T12:18:03+00:00","dateModified":"2022-10-05T21:00:02+00:00","breadcrumb":{"@id":"http:\/\/www.werktuigendagen.be\/en\/pers\/#breadcrumb"},"inLanguage":"fr-BE","potentialAction":[{"@type":"ReadAction","target":["http:\/\/www.werktuigendagen.be\/en\/pers\/"]}]},{"@type":"BreadcrumbList","@id":"http:\/\/www.werktuigendagen.be\/en\/pers\/#breadcrumb","itemListElement":[{"@type":"ListItem","position":1,"name":"Home","item":"https:\/\/www.werktuigendagen.be\/nl\/"},{"@type":"ListItem","position":2,"name":"Pers"}]},{"@type":"WebSite","@id":"https:\/\/www.werktuigendagen.be\/nl\/#website","url":"https:\/\/www.werktuigendagen.be\/nl\/","name":"Werktuigendagen","description":"Salon de la m\u00e9canisation agricole","potentialAction":[{"@type":"SearchAction","target":{"@type":"EntryPoint","urlTemplate":"https:\/\/www.werktuigendagen.be\/nl\/?s={search_term_string}"},"query-input":{"@type":"PropertyValueSpecification","valueRequired":true,"valueName":"search_term_string"}}],"inLanguage":"fr-BE"}]}},"_links":{"self":[{"href":"https:\/\/www.werktuigendagen.be\/fr\/wp-json\/wp\/v2\/pages\/5942","targetHints":{"allow":["GET"]}}],"collection":[{"href":"https:\/\/www.werktuigendagen.be\/fr\/wp-json\/wp\/v2\/pages"}],"about":[{"href":"https:\/\/www.werktuigendagen.be\/fr\/wp-json\/wp\/v2\/types\/page"}],"author":[{"embeddable":true,"href":"https:\/\/www.werktuigendagen.be\/fr\/wp-json\/wp\/v2\/users\/1"}],"replies":[{"embeddable":true,"href":"https:\/\/www.werktuigendagen.be\/fr\/wp-json\/wp\/v2\/comments?post=5942"}],"version-history":[{"count":0,"href":"https:\/\/www.werktuigendagen.be\/fr\/wp-json\/wp\/v2\/pages\/5942\/revisions"}],"wp:attachment":[{"href":"https:\/\/www.werktuigendagen.be\/fr\/wp-json\/wp\/v2\/media?parent=5942"}],"curies":[{"name":"wp","href":"https:\/\/api.w.org\/{rel}","templated":true}]}}